{"id":13336,"date":"2017-03-18T11:15:45","date_gmt":"2017-03-18T10:15:45","guid":{"rendered":"https:\/\/www.mariodoni.it\/prodotto\/sandale-etruria-fur-kind-realisiert-fur-camilla\/"},"modified":"2025-11-13T19:01:22","modified_gmt":"2025-11-13T18:01:22","slug":"maedchensandale-aus-pflanzlichem-leder-mit-schnuerung","status":"publish","type":"product","link":"https:\/\/www.mariodoni.it\/de\/prodotto\/maedchensandale-aus-pflanzlichem-leder-mit-schnuerung\/","title":{"rendered":"Sandale Etruria f\u00fcr Kind realisiert f\u00fcr Camilla"},"content":{"rendered":"<h2>Sandale Etruria aus pflanzlich gegerbtem Leder mit Ledersohle \u2013 toskanische Handwerkskunst<\/h2>\n<p>Die Sandale Etruria wird in der Toskana aus pflanzlich gegerbtem Leder und einer nat\u00fcrlichen Ledersohle gefertigt. Von Hand gen\u00e4ht und mit Wachsen und \u00d6len veredelt, vereint sie Weichheit, Best\u00e4ndigkeit und zeitlosen Stil.<\/p>\n<p><span class=\"VIiyi\" lang=\"de\"><span class=\"JLqJ4b ChMk0b\" data-language-for-alternatives=\"de\" data-language-to-translate-into=\"it\" data-phrase-index=\"1\" data-number-of-phrases=\"6\">M\u00e4dchensandale aus pflanzlichem Leder mit Schn\u00fcrung \u2013 Mod. Etruria. <\/span><\/span>Ma\u00dfgeschneiderte Sandalen aus Leder und pflanzlich gegerbtem Leder.<\/p>\n<p>Jede Verarbeitungsstufe der Sandale wird in unserer Werkstatt durchgef\u00fchrt, um das Produkt von der Wahl der Rohstoffe, jedem Verarbeitungsschritt bis hin zu der Endbearbeitung, Verpackung und Lieferung an den Kunden zu folgen.<\/p>\n<p>Die Verarbeitung der Sandale beginnt mit dem Schneiden des Leders f\u00fcr die Sohle, Einlegesohle und Absatz und folgt mit dem Schnitt des pflanzlich gegerbten Leders f\u00fcr das Oberleder.<\/p>\n<p>Die Montage der Komponenten wird f\u00fcr jeden Kunden unter Ber\u00fccksichtigung der gew\u00fcnschten \u00c4nderungen durchgef\u00fchrt.<\/p>\n<p>Auch f\u00fcr die M\u00e4dchensandale aus pflanzlichem Leder mit Schn\u00fcrung &#8211; Mod. Etruria erfolgt die F\u00e4rbung per Hand am St\u00fcck und auch aus diesem Grund ist jede Sandale ein Unikat.<\/p>\n<p>Die Fertigstellung wird mit Wachsen, Cremes und nat\u00fcrlichen \u00d6len durchgef\u00fchrt, die dem Leder einen seidigen und Antik-Effekt geben.<\/p>\n","protected":false},"excerpt":{"rendered":"<p><strong>Modell:<\/strong>\u00a0Etruria<br \/>\n<strong>Innensohle:<\/strong> Gef\u00fcttert mit echtem Leder Gem\u00fcse und N\u00e4hen<br \/>\n<strong>Sohle:<\/strong> naturgegebertes leder<\/p>\n<p><strong>Ferse:<\/strong> Leder 3 mm<br \/>\n<strong>Obermaterial:<\/strong> naturgegebertes Leder<br \/>\n<strong>Farbe<\/strong>:\u00a0Natural<\/p>\n<p><span id=\"result_box\" class=\"short_text\" lang=\"de\">Erh\u00e4ltlich in 7 Tagen + Lieferung<\/span><\/p>\n","protected":false},"featured_media":5954,"comment_status":"closed","ping_status":"closed","template":"","meta":[],"product_brand":[],"product_cat":[3628,3629,3518,3522,3531,3151],"product_tag":[],"class_list":{"0":"post-13336","1":"product","2":"type-product","3":"status-publish","4":"has-post-thumbnail","6":"product_cat-100-b-basic-kind","7":"product_cat-mod-etrurien-de-2","8":"product_cat-001-nahen","9":"product_cat-003-farbe","10":"product_cat-005-polsterung","11":"product_cat-kindersandalen-aus-leder-de","12":"pa_colore-amaranth-de","13":"pa_colore-antique-brown-de","14":"pa_colore-beige-de","15":"pa_colore-black-de","16":"pa_colore-blue-cobalt-de","17":"pa_colore-bottle-green-de","18":"pa_colore-cacao-de","19":"pa_colore-dark-brown-de","20":"pa_colore-gold-de","21":"pa_colore-leather-de","22":"pa_colore-lilac-de","23":"pa_colore-natural-de","24":"pa_colore-night-blue-de","25":"pa_colore-orange-de","26":"pa_colore-pink-de","27":"pa_colore-red-de","28":"pa_colore-silver-de","29":"pa_colore-stierkampf","30":"pa_colore-taupe-de","31":"pa_colore-turquoise-de","32":"pa_colore-turtledove","33":"pa_colore-violet-de","34":"pa_colore-white-de","35":"pa_colore-yellow-mustard-de","36":"pa_taglia-groesse-24","37":"pa_taglia-groesse-25","38":"pa_taglia-groesse-26","39":"pa_taglia-groesse-27","40":"pa_taglia-groesse-28","41":"pa_taglia-groesse-29","42":"pa_taglia-groesse-30","43":"pa_taglia-groesse-31","44":"pa_taglia-groesse-32","45":"pa_taglia-groesse-33","46":"pa_taglia-groesse-34","47":"pa_taglia-groesse-35","48":"pa_taglia-groesse-36","49":"pa_taglia-groesse-37","51":"first","52":"instock","53":"taxable","54":"shipping-taxable","55":"purchasable","56":"product-type-variable"},"_links":{"self":[{"href":"https:\/\/www.mariodoni.it\/de\/wp-json\/wp\/v2\/product\/13336","targetHints":{"allow":["GET"]}}],"collection":[{"href":"https:\/\/www.mariodoni.it\/de\/wp-json\/wp\/v2\/product"}],"about":[{"href":"https:\/\/www.mariodoni.it\/de\/wp-json\/wp\/v2\/types\/product"}],"replies":[{"embeddable":true,"href":"https:\/\/www.mariodoni.it\/de\/wp-json\/wp\/v2\/comments?post=13336"}],"wp:featuredmedia":[{"embeddable":true,"href":"https:\/\/www.mariodoni.it\/de\/wp-json\/wp\/v2\/media\/5954"}],"wp:attachment":[{"href":"https:\/\/www.mariodoni.it\/de\/wp-json\/wp\/v2\/media?parent=13336"}],"wp:term":[{"taxonomy":"product_brand","embeddable":true,"href":"https:\/\/www.mariodoni.it\/de\/wp-json\/wp\/v2\/product_brand?post=13336"},{"taxonomy":"product_cat","embeddable":true,"href":"https:\/\/www.mariodoni.it\/de\/wp-json\/wp\/v2\/product_cat?post=13336"},{"taxonomy":"product_tag","embeddable":true,"href":"https:\/\/www.mariodoni.it\/de\/wp-json\/wp\/v2\/product_tag?post=13336"}],"curies":[{"name":"wp","href":"https:\/\/api.w.org\/{rel}","templated":true}]}}