{"id":12558,"date":"2017-02-27T13:37:21","date_gmt":"2017-02-27T12:37:21","guid":{"rendered":"https:\/\/www.mariodoni.it\/prodotto\/clogs-anna-frau-realisiert-fur-titta\/"},"modified":"2025-11-13T19:30:27","modified_gmt":"2025-11-13T18:30:27","slug":"damen-clog-aus-leder","status":"publish","type":"product","link":"https:\/\/www.mariodoni.it\/de\/prodotto\/damen-clog-aus-leder\/","title":{"rendered":"Clogs Anna Frau realisiert f\u00fcr titta"},"content":{"rendered":"<h2>Anna Holzclogs aus pflanzlich gegerbtem Leder: Handwerk und Stil<\/h2>\n<p>Der Anna Holzclog verbindet toskanisches Handwerk mit hochwertigen, nat\u00fcrlichen Materialien. Pflanzlich gegerbtes Leder und handgefertigte Details sorgen f\u00fcr nat\u00fcrlichen Komfort. Jede handgef\u00e4rbte Variante ist ein einzigartiges St\u00fcck italienischer Eleganz.<\/p>\n<p><span class=\"HwtZe\" lang=\"de\"><span class=\"jCAhz ChMk0b\"><span class=\"ryNqvb\">Damen-clog aus Leder und Echtholz mit 10 cm Absatzh\u00f6he.<\/span><\/span> <span class=\"jCAhz ChMk0b\"><span class=\"ryNqvb\">Anna-Modell. <\/span><\/span><\/span>Clogs aus Holz nach bester toskanischer handwerklicher Tradition hergestellt.<\/p>\n<p>Oberleder aus echtem pflanzlich gegerbtem Leder in einer breiten Auswahl an Farben, damit Sie Freude an Ihren Sommer schenken<\/p>\n<p>Jede Verarbeitungsstufe der Sandale wird in unserer Werkstatt durchgef\u00fchrt, um das Produkt von der Wahl der Rohstoffe, jedem Verarbeitungsschritt bis hin zu der Endbearbeitung, Verpackung und Lieferung an den Kunden zu folgen.<\/p>\n<p>Die Verarbeitung der Sandale beginnt mit dem Schneiden des Leders f\u00fcr die Sohle, Einlegesohle und Absatz und folgt mit dem Schnitt des pflanzlich gegerbten Leders f\u00fcr das Oberleder.<\/p>\n<p>Die Montage der Komponenten wird f\u00fcr jeden Kunden unter Ber\u00fccksichtigung der gew\u00fcnschten \u00c4nderungen durchgef\u00fchrt.<\/p>\n<p><span class=\"HwtZe\" lang=\"de\"><span class=\"jCAhz ChMk0b\"><span class=\"ryNqvb\">Die F\u00e4rbung der Damen-clog aus Leder erfolgt in Handarbeit direkt am Kleidungsst\u00fcck und auch aus diesem Grund ist jede Sandale ein Unikat.<\/span><\/span><\/span><\/p>\n<p>Die Fertigstellung wird mit Wachsen, Cremes und nat\u00fcrlichen \u00d6len durchgef\u00fchrt, die dem Leder einen seidigen und Antik-Effekt geben.<\/p>\n","protected":false},"excerpt":{"rendered":"<p><strong>Modell:<\/strong>\u00a0Anna<br \/>\n<strong>Holzsandale Farbe:<\/strong> Natural<br \/>\n<strong>Ferse:<\/strong> Clogs\u00a0 Holzkeil 10\u00a0cm<\/p>\n<p><strong>Obermaterial:<\/strong> Echtes pflanzlich gegerbtes Leder<br \/>\n<strong>Farbe:<\/strong> Bottle Green<\/p>\n<p>Erh\u00e4ltlich in 7 Tagen + Lieferung<\/p>\n","protected":false},"featured_media":4871,"comment_status":"closed","ping_status":"closed","template":"","meta":[],"product_brand":[],"product_cat":[3602,3615,3522,3536,3153],"product_tag":[],"class_list":{"0":"post-12558","1":"product","2":"type-product","3":"status-publish","4":"has-post-thumbnail","6":"product_cat-120-d-basic-clog-frau","7":"product_cat-mod-anna-de","8":"product_cat-003-farbe","9":"product_cat-053-absatz-10-clog","10":"product_cat-clogs-fur-frauen-de","11":"pa_altezza-tacco-wooden-clogs-heel-10-de","12":"pa_colore-amaranth-de","13":"pa_colore-antique-brown-de","14":"pa_colore-beige-de","15":"pa_colore-black-de","16":"pa_colore-blue-cobalt-de","17":"pa_colore-bottle-green-de","18":"pa_colore-cacao-de","19":"pa_colore-dark-brown-de","20":"pa_colore-gold-de","21":"pa_colore-leather-de","22":"pa_colore-lilac-de","23":"pa_colore-natural-de","24":"pa_colore-night-blue-de","25":"pa_colore-orange-de","26":"pa_colore-pink-de","27":"pa_colore-red-de","28":"pa_colore-silver-de","29":"pa_colore-stierkampf","30":"pa_colore-taupe-de","31":"pa_colore-turquoise-de","32":"pa_colore-turtledove","33":"pa_colore-violet-de","34":"pa_colore-white-de","35":"pa_colore-yellow-mustard-de","36":"pa_taglia-groesse-35","37":"pa_taglia-groesse-36","38":"pa_taglia-groesse-37","39":"pa_taglia-groesse-38","40":"pa_taglia-groesse-39","41":"pa_taglia-groesse-40","42":"pa_taglia-groesse-41","43":"pa_taglia-groesse-42","45":"first","46":"instock","47":"taxable","48":"shipping-taxable","49":"purchasable","50":"product-type-variable"},"_links":{"self":[{"href":"https:\/\/www.mariodoni.it\/de\/wp-json\/wp\/v2\/product\/12558","targetHints":{"allow":["GET"]}}],"collection":[{"href":"https:\/\/www.mariodoni.it\/de\/wp-json\/wp\/v2\/product"}],"about":[{"href":"https:\/\/www.mariodoni.it\/de\/wp-json\/wp\/v2\/types\/product"}],"replies":[{"embeddable":true,"href":"https:\/\/www.mariodoni.it\/de\/wp-json\/wp\/v2\/comments?post=12558"}],"wp:featuredmedia":[{"embeddable":true,"href":"https:\/\/www.mariodoni.it\/de\/wp-json\/wp\/v2\/media\/4871"}],"wp:attachment":[{"href":"https:\/\/www.mariodoni.it\/de\/wp-json\/wp\/v2\/media?parent=12558"}],"wp:term":[{"taxonomy":"product_brand","embeddable":true,"href":"https:\/\/www.mariodoni.it\/de\/wp-json\/wp\/v2\/product_brand?post=12558"},{"taxonomy":"product_cat","embeddable":true,"href":"https:\/\/www.mariodoni.it\/de\/wp-json\/wp\/v2\/product_cat?post=12558"},{"taxonomy":"product_tag","embeddable":true,"href":"https:\/\/www.mariodoni.it\/de\/wp-json\/wp\/v2\/product_tag?post=12558"}],"curies":[{"name":"wp","href":"https:\/\/api.w.org\/{rel}","templated":true}]}}