{"id":12554,"date":"2017-02-27T11:00:08","date_gmt":"2017-02-27T10:00:08","guid":{"rendered":"https:\/\/www.mariodoni.it\/prodotto\/sandale-scarlino-von-man-realisiert-von-roby\/"},"modified":"2025-11-14T11:05:25","modified_gmt":"2025-11-14T10:05:25","slug":"sandale-scarlino-von-man-realisiert-von-roby","status":"publish","type":"product","link":"https:\/\/www.mariodoni.it\/de\/prodotto\/sandale-scarlino-von-man-realisiert-von-roby\/","title":{"rendered":"Sandale Scarlino von Man realisiert von Roby"},"content":{"rendered":"<h2>Herren-Zehenstegsandalen aus Leder \u2013 Modell Scarlino<\/h2>\n<p>Zehenstegsandalen aus Leder f\u00fcr Herren mod. Scarlino.<\/p>\n<p>Handgefertigte Ledersandalen f\u00fcr Herren nach Ma\u00df von Mario Doni.<\/p>\n<p>Jede Verarbeitungsstufe der Sandale wird in unserer Werkstatt durchgef\u00fchrt, um das Produkt von der Wahl der Rohstoffe, jedem Verarbeitungsschritt bis hin zu der Endbearbeitung, Verpackung und Lieferung an den Kunden zu folgen.<\/p>\n<p>Die Verarbeitung der Sandale beginnt mit dem Schneiden des Leders f\u00fcr die Sohle, Einlegesohle und Absatz und folgt mit dem Schnitt des pflanzlich gegerbten Leders f\u00fcr das Oberleder.<\/p>\n<p>Die Montage der Komponenten wird f\u00fcr jeden Kunden unter Ber\u00fccksichtigung der gew\u00fcnschten \u00c4nderungen durchgef\u00fchrt.<\/p>\n<p>Das F\u00e4rben erfolgt von Hand und das ist noch ein Grund, warum jede Sandale einzigartig ist.<\/p>\n<p>Die Fertigstellung wird mit Wachsen, Cremes und nat\u00fcrlichen \u00d6len durchgef\u00fchrt, die dem Leder einen seidigen und Antik-Effekt geben.<\/p>\n<h3>Jede Sandale hat den Garantieschein des Konsortiums Pflanzlich Gegerbtes Leder.<\/h3>\n","protected":false},"excerpt":{"rendered":"<p><strong>Modell:<\/strong>\u00a0Scarlino<br \/>\n<strong>Innensohle:<\/strong> Natur gegebertes Leder<br \/>\n<strong>Sohle:<\/strong> naturgegebertes leder<\/p>\n<p><strong>Ferse:<\/strong> Naturegeberten leder\u00a0 und gummi 10 mm<br \/>\n<strong>Obermaterial:<\/strong> naturgegebertes Leder<br \/>\n<strong>Farbe<\/strong>: Night Blue<\/p>\n<p><span id=\"result_box\" class=\"short_text\" lang=\"de\">Erh\u00e4ltlich in 7 Tagen + Lieferung<\/span><\/p>\n","protected":false},"featured_media":4856,"comment_status":"closed","ping_status":"closed","template":"","meta":[],"product_brand":[],"product_cat":[3518,3519,3522,3941,3137,3147,4121],"product_tag":[],"class_list":{"0":"post-12554","1":"product","2":"type-product","3":"status-publish","4":"has-post-thumbnail","6":"product_cat-001-nahen","7":"product_cat-002-ferse","8":"product_cat-003-farbe","9":"product_cat-100-u-basic-uomo-de","10":"product_cat-flip-flops-de-2","11":"product_cat-ledersandalen-fur-manner-de","12":"product_cat-mod-scarlino-de","13":"pa_colore-amaranth-de","14":"pa_colore-antique-brown-de","15":"pa_colore-beige-de","16":"pa_colore-black-de","17":"pa_colore-blue-cobalt-de","18":"pa_colore-bottle-green-de","19":"pa_colore-cacao-de","20":"pa_colore-dark-brown-de","21":"pa_colore-gold-de","22":"pa_colore-leather-de","23":"pa_colore-lilac-de","24":"pa_colore-natural-de","25":"pa_colore-night-blue-de","26":"pa_colore-orange-de","27":"pa_colore-pink-de","28":"pa_colore-red-de","29":"pa_colore-silver-de","30":"pa_colore-stierkampf","31":"pa_colore-taupe-de","32":"pa_colore-turquoise-de","33":"pa_colore-turtledove","34":"pa_colore-violet-de","35":"pa_colore-white-de","36":"pa_colore-yellow-mustard-de","37":"pa_cucitura-seam-de","38":"pa_taglia-groesse-38","39":"pa_taglia-groesse-39","40":"pa_taglia-groesse-40","41":"pa_taglia-groesse-41","42":"pa_taglia-groesse-42","43":"pa_taglia-groesse-43","44":"pa_taglia-groesse-44","45":"pa_taglia-groesse-45","46":"pa_taglia-groesse-46","47":"pa_taglia-groesse-47","48":"pa_taglia-groesse-48","50":"first","51":"instock","52":"taxable","53":"shipping-taxable","54":"purchasable","55":"product-type-variable"},"_links":{"self":[{"href":"https:\/\/www.mariodoni.it\/de\/wp-json\/wp\/v2\/product\/12554","targetHints":{"allow":["GET"]}}],"collection":[{"href":"https:\/\/www.mariodoni.it\/de\/wp-json\/wp\/v2\/product"}],"about":[{"href":"https:\/\/www.mariodoni.it\/de\/wp-json\/wp\/v2\/types\/product"}],"replies":[{"embeddable":true,"href":"https:\/\/www.mariodoni.it\/de\/wp-json\/wp\/v2\/comments?post=12554"}],"wp:featuredmedia":[{"embeddable":true,"href":"https:\/\/www.mariodoni.it\/de\/wp-json\/wp\/v2\/media\/4856"}],"wp:attachment":[{"href":"https:\/\/www.mariodoni.it\/de\/wp-json\/wp\/v2\/media?parent=12554"}],"wp:term":[{"taxonomy":"product_brand","embeddable":true,"href":"https:\/\/www.mariodoni.it\/de\/wp-json\/wp\/v2\/product_brand?post=12554"},{"taxonomy":"product_cat","embeddable":true,"href":"https:\/\/www.mariodoni.it\/de\/wp-json\/wp\/v2\/product_cat?post=12554"},{"taxonomy":"product_tag","embeddable":true,"href":"https:\/\/www.mariodoni.it\/de\/wp-json\/wp\/v2\/product_tag?post=12554"}],"curies":[{"name":"wp","href":"https:\/\/api.w.org\/{rel}","templated":true}]}}