{"id":12431,"date":"2017-02-08T14:02:35","date_gmt":"2017-02-08T13:02:35","guid":{"rendered":"https:\/\/www.mariodoni.it\/prodotto\/ledersandale-von-man-mod-barberino-realisiert-fur-attiw\/"},"modified":"2025-11-16T11:01:05","modified_gmt":"2025-11-16T10:01:05","slug":"ledersandale-von-man-mod-barberino-realisiert-fur-attiw","status":"publish","type":"product","link":"https:\/\/www.mariodoni.it\/de\/prodotto\/ledersandale-von-man-mod-barberino-realisiert-fur-attiw\/","title":{"rendered":"Ledersandale von man mod. Barberino realisiert f\u00fcr attiw"},"content":{"rendered":"<h2>Herren-Sandalen aus Leder \u2013 Modell Barberino<\/h2>\n<p>Ledersandale von man mod. Barberino realisiert f\u00fcr attiw Jede Verarbeitungsstufe der Sandale wird in unserer Werkstatt durchgef\u00fchrt, um das Produkt von der Wahl der Rohstoffe, jedem Verarbeitungsschritt bis hin zu der Endbearbeitung, Verpackung und Lieferung an den Kunden zu folgen.<\/p>\n<p>Die Verarbeitung der Sandale beginnt mit dem Schneiden des Leders f\u00fcr die Sohle, Einlegesohle und Absatz und folgt mit dem Schnitt des pflanzlich gegerbten Leders f\u00fcr das Oberleder.<\/p>\n<p>Die Montage der Komponenten wird f\u00fcr jeden Kunden unter Ber\u00fccksichtigung der gew\u00fcnschten \u00c4nderungen durchgef\u00fchrt.<\/p>\n<p>Das F\u00e4rben erfolgt von Hand und das ist noch ein Grund, warum jede Sandale einzigartig ist.<\/p>\n<h3>Die Fertigstellung wird mit Wachsen, Cremes und nat\u00fcrlichen \u00d6len durchgef\u00fchrt, die dem Leder einen seidigen und Antik-Effekt geben.<\/h3>\n","protected":false},"excerpt":{"rendered":"<p>&nbsp;<\/p>\n<p>Man Flip-Flop-Sandale mod. Barberino, ma\u00dfgeschneidert f\u00fcr Sie von Mario Doni.<br \/>\nHandgefertigte Herrensandalen aus Leder und pflanzlich gegerbtem Leder.<\/p>\n<p>&nbsp;<\/p>\n<p><strong>Modell:<\/strong>\u00a0Barberino<br \/>\n<strong>Innensohle:<\/strong> Natur gegebertes Leder<br \/>\n<strong>Sohle:<\/strong> naturgegebertes leder<br \/>\n<strong>Ferse:<\/strong> Leder 3 mm<br \/>\n<strong>Obermaterial:<\/strong> naturgegebertes Leder<br \/>\n<strong>Farbe<\/strong>: Cobalt Blue<\/p>\n<p><strong><span id=\"result_box\" class=\"short_text\" lang=\"de\">Erh\u00e4ltlich in 7 Tagen + Lieferung<\/span><\/strong><\/p>\n","protected":false},"featured_media":4363,"comment_status":"closed","ping_status":"closed","template":"","meta":[],"product_brand":[],"product_cat":[3518,3522,3943,3137,3147,4065,3175],"product_tag":[],"class_list":{"0":"post-12431","1":"product","2":"type-product","3":"status-publish","4":"has-post-thumbnail","6":"product_cat-001-nahen","7":"product_cat-003-farbe","8":"product_cat-101-u-dinamic-uomo-de","9":"product_cat-flip-flops-de-2","10":"product_cat-ledersandalen-fur-manner-de","11":"product_cat-mod-barberino-de","12":"product_cat-slipper-sandale-de","13":"pa_colore-amaranth-de","14":"pa_colore-antique-brown-de","15":"pa_colore-beige-de","16":"pa_colore-black-de","17":"pa_colore-blue-cobalt-de","18":"pa_colore-bottle-green-de","19":"pa_colore-cacao-de","20":"pa_colore-dark-brown-de","21":"pa_colore-gold-de","22":"pa_colore-leather-de","23":"pa_colore-lilac-de","24":"pa_colore-natural-de","25":"pa_colore-night-blue-de","26":"pa_colore-orange-de","27":"pa_colore-pink-de","28":"pa_colore-red-de","29":"pa_colore-silver-de","30":"pa_colore-stierkampf","31":"pa_colore-taupe-de","32":"pa_colore-turquoise-de","33":"pa_colore-turtledove","34":"pa_colore-violet-de","35":"pa_colore-white-de","36":"pa_colore-yellow-mustard-de","37":"pa_cucitura-seam-de","38":"pa_taglia-groesse-38","39":"pa_taglia-groesse-39","40":"pa_taglia-groesse-40","41":"pa_taglia-groesse-41","42":"pa_taglia-groesse-42","43":"pa_taglia-groesse-43","44":"pa_taglia-groesse-44","45":"pa_taglia-groesse-45","46":"pa_taglia-groesse-46","47":"pa_taglia-groesse-47","48":"pa_taglia-groesse-48","50":"first","51":"instock","52":"taxable","53":"shipping-taxable","54":"purchasable","55":"product-type-variable"},"_links":{"self":[{"href":"https:\/\/www.mariodoni.it\/de\/wp-json\/wp\/v2\/product\/12431","targetHints":{"allow":["GET"]}}],"collection":[{"href":"https:\/\/www.mariodoni.it\/de\/wp-json\/wp\/v2\/product"}],"about":[{"href":"https:\/\/www.mariodoni.it\/de\/wp-json\/wp\/v2\/types\/product"}],"replies":[{"embeddable":true,"href":"https:\/\/www.mariodoni.it\/de\/wp-json\/wp\/v2\/comments?post=12431"}],"wp:featuredmedia":[{"embeddable":true,"href":"https:\/\/www.mariodoni.it\/de\/wp-json\/wp\/v2\/media\/4363"}],"wp:attachment":[{"href":"https:\/\/www.mariodoni.it\/de\/wp-json\/wp\/v2\/media?parent=12431"}],"wp:term":[{"taxonomy":"product_brand","embeddable":true,"href":"https:\/\/www.mariodoni.it\/de\/wp-json\/wp\/v2\/product_brand?post=12431"},{"taxonomy":"product_cat","embeddable":true,"href":"https:\/\/www.mariodoni.it\/de\/wp-json\/wp\/v2\/product_cat?post=12431"},{"taxonomy":"product_tag","embeddable":true,"href":"https:\/\/www.mariodoni.it\/de\/wp-json\/wp\/v2\/product_tag?post=12431"}],"curies":[{"name":"wp","href":"https:\/\/api.w.org\/{rel}","templated":true}]}}