{"id":12404,"date":"2017-02-02T16:42:18","date_gmt":"2017-02-02T15:42:18","guid":{"rendered":"https:\/\/www.mariodoni.it\/prodotto\/sandale-arno-von-man-realisiert-von-mario\/"},"modified":"2025-11-16T12:05:32","modified_gmt":"2025-11-16T11:05:32","slug":"sandale-arno-von-man-realisiert-von-mario","status":"publish","type":"product","link":"https:\/\/www.mariodoni.it\/de\/prodotto\/sandale-arno-von-man-realisiert-von-mario\/","title":{"rendered":"Sandale Arno von Man realisiert von Mario"},"content":{"rendered":"<h2>Handgefertigte Herren-Gladiatorsandalen aus Echtleder \u2013 Modell Arno<\/h2>\n<p><span class=\"VIiyi\" lang=\"de\"><span class=\"JLqJ4b ChMk0b\" data-language-for-alternatives=\"de\" data-language-to-translate-into=\"it\" data-phrase-index=\"1\" data-number-of-phrases=\"6\">Gladiator Sandale f\u00fcr Herren mod. Arno.<br \/>\n<\/span><\/span>Ma\u00dfgeschneiderte Sandalen aus Leder und pflanzlich gegerbtem Leder.<\/p>\n<p>Jede Verarbeitungsstufe der Sandale wird in unserer Werkstatt durchgef\u00fchrt, um das Produkt von der Wahl der Rohstoffe, jedem Verarbeitungsschritt bis hin zu der Endbearbeitung, Verpackung und Lieferung an den Kunden zu folgen.<\/p>\n<p>Die Verarbeitung der Sandale beginnt mit dem Schneiden des Leders f\u00fcr die Sohle, Einlegesohle und Absatz und folgt mit dem Schnitt des pflanzlich gegerbten Leders f\u00fcr das Oberleder.<\/p>\n<p>Die Montage der Komponenten wird f\u00fcr jeden Kunden unter Ber\u00fccksichtigung der gew\u00fcnschten \u00c4nderungen durchgef\u00fchrt.<\/p>\n<p>Das F\u00e4rben erfolgt von Hand und das ist noch ein Grund, warum jede Sandale einzigartig ist.<\/p>\n<p>Die Fertigstellung wird mit Wachsen, Cremes und nat\u00fcrlichen \u00d6len durchgef\u00fchrt, die dem Leder einen seidigen und Antik-Effekt geben.<\/p>\n<h3>Jede Sandale hat den Garantieschein des Konsortiums Pflanzlich Gegerbtes Leder.<\/h3>\n","protected":false},"excerpt":{"rendered":"<p><strong>Modell:<\/strong>\u00a0Arno<br \/>\n<strong>Innensohle:<\/strong> Gef\u00fcttert mit echtem Leder Gem\u00fcse und N\u00e4hen<br \/>\n<strong>Sohle:<\/strong> naturgegebertes leder<\/p>\n<p><strong>Ferse:<\/strong> Naturegeberten leder\u00a0 und gummi 10 mm<br \/>\n<strong>Obermaterial:<\/strong> naturgegebertes Leder<br \/>\n<strong>Farbe<\/strong>:\u00a0Taupe<\/p>\n<p><span id=\"result_box\" class=\"short_text\" lang=\"de\">Erh\u00e4ltlich in 7 Tagen + Lieferung<\/span><\/p>\n","protected":false},"featured_media":4207,"comment_status":"closed","ping_status":"closed","template":"","meta":[],"product_brand":[],"product_cat":[3588,3518,3519,3522,3531,3141,3147,4061],"product_tag":[],"class_list":{"0":"post-12404","1":"product","2":"type-product","3":"status-publish","4":"has-post-thumbnail","6":"product_cat-102-u-gold-manner","7":"product_cat-001-nahen","8":"product_cat-002-ferse","9":"product_cat-003-farbe","10":"product_cat-005-polsterung","11":"product_cat-gladiator-de-2","12":"product_cat-ledersandalen-fur-manner-de","13":"product_cat-mod-arno-sandali-uomo-artigianali-in-pelle-e-cuoio-realizzati-da-mario-doni-de","14":"pa_colore-amaranth-de","15":"pa_colore-antique-brown-de","16":"pa_colore-beige-de","17":"pa_colore-black-de","18":"pa_colore-blue-cobalt-de","19":"pa_colore-bottle-green-de","20":"pa_colore-cacao-de","21":"pa_colore-dark-brown-de","22":"pa_colore-gold-de","23":"pa_colore-leather-de","24":"pa_colore-lilac-de","25":"pa_colore-natural-de","26":"pa_colore-night-blue-de","27":"pa_colore-orange-de","28":"pa_colore-pink-de","29":"pa_colore-red-de","30":"pa_colore-silver-de","31":"pa_colore-stierkampf","32":"pa_colore-taupe-de","33":"pa_colore-turquoise-de","34":"pa_colore-turtledove","35":"pa_colore-violet-de","36":"pa_colore-white-de","37":"pa_colore-yellow-mustard-de","38":"pa_imbottitura-padding-de","39":"pa_taglia-groesse-38","40":"pa_taglia-groesse-39","41":"pa_taglia-groesse-40","42":"pa_taglia-groesse-41","43":"pa_taglia-groesse-42","44":"pa_taglia-groesse-43","45":"pa_taglia-groesse-44","46":"pa_taglia-groesse-45","47":"pa_taglia-groesse-46","48":"pa_taglia-groesse-47","49":"pa_taglia-groesse-48","51":"first","52":"instock","53":"taxable","54":"shipping-taxable","55":"purchasable","56":"product-type-variable"},"_links":{"self":[{"href":"https:\/\/www.mariodoni.it\/de\/wp-json\/wp\/v2\/product\/12404","targetHints":{"allow":["GET"]}}],"collection":[{"href":"https:\/\/www.mariodoni.it\/de\/wp-json\/wp\/v2\/product"}],"about":[{"href":"https:\/\/www.mariodoni.it\/de\/wp-json\/wp\/v2\/types\/product"}],"replies":[{"embeddable":true,"href":"https:\/\/www.mariodoni.it\/de\/wp-json\/wp\/v2\/comments?post=12404"}],"wp:featuredmedia":[{"embeddable":true,"href":"https:\/\/www.mariodoni.it\/de\/wp-json\/wp\/v2\/media\/4207"}],"wp:attachment":[{"href":"https:\/\/www.mariodoni.it\/de\/wp-json\/wp\/v2\/media?parent=12404"}],"wp:term":[{"taxonomy":"product_brand","embeddable":true,"href":"https:\/\/www.mariodoni.it\/de\/wp-json\/wp\/v2\/product_brand?post=12404"},{"taxonomy":"product_cat","embeddable":true,"href":"https:\/\/www.mariodoni.it\/de\/wp-json\/wp\/v2\/product_cat?post=12404"},{"taxonomy":"product_tag","embeddable":true,"href":"https:\/\/www.mariodoni.it\/de\/wp-json\/wp\/v2\/product_tag?post=12404"}],"curies":[{"name":"wp","href":"https:\/\/api.w.org\/{rel}","templated":true}]}}