{"id":12344,"date":"2017-01-15T10:14:44","date_gmt":"2017-01-15T09:14:44","guid":{"rendered":"https:\/\/www.mariodoni.it\/prodotto\/sandale-chianciano-frau-realisiert-von-franca\/"},"modified":"2025-11-16T12:36:52","modified_gmt":"2025-11-16T11:36:52","slug":"sandale-chianciano-frau-realisiert-von-franca","status":"publish","type":"product","link":"https:\/\/www.mariodoni.it\/de\/prodotto\/sandale-chianciano-frau-realisiert-von-franca\/","title":{"rendered":"Sandale Chianciano Frau realisiert von Franca"},"content":{"rendered":"<h2>Sklavensandale aus Leder f\u00fcr Damen Mod. Chianciano.<\/h2>\n<p>Damen-Zehensandalen aus pflanzlich gegerbtem Leder, von Mario Doni f\u00fcr Sie angefertigt.<\/p>\n<p>Jede Verarbeitungsstufe der Sandale wird in unserer Werkstatt durchgef\u00fchrt, um das Produkt von der Wahl der Rohstoffe, jedem Verarbeitungsschritt bis hin zu der Endbearbeitung, Verpackung und Lieferung an den Kunden zu folgen.<\/p>\n<p>Die Verarbeitung der Sandale beginnt mit dem Schneiden des Leders f\u00fcr die Sohle, Einlegesohle und Absatz und folgt mit dem Schnitt des pflanzlich gegerbten Leders f\u00fcr das Oberleder.<\/p>\n<p>Die Montage der Komponenten wird f\u00fcr jeden Kunden unter Ber\u00fccksichtigung der gew\u00fcnschten \u00c4nderungen durchgef\u00fchrt.<\/p>\n<p>Das F\u00e4rben erfolgt von Hand und das ist noch ein Grund, warum jede Sandale einzigartig ist.<\/p>\n<p>Die Fertigstellung wird mit Wachsen, Cremes und nat\u00fcrlichen \u00d6len durchgef\u00fchrt, die dem Leder einen seidigen und Antik-Effekt geben.<\/p>\n<p>Jede Clogs\u00a0hat den Garantieschein des Konsortiums Pflanzlich Gegerbtes Leder.<\/p>\n","protected":false},"excerpt":{"rendered":"<p><strong>Modell:<\/strong>\u00a0Chianciano<br \/>\n<strong>Innensohle:<\/strong> naturgegebertes Leder<br \/>\n<strong>Sohle:<\/strong> naturgegebertes leder<\/p>\n<p><strong>Ferse:<\/strong> Naturegeberten leder\u00a0 und gummi 10 mm<br \/>\n<strong>Obermaterial:<\/strong> naturgegebertes Leder<br \/>\n<strong>Farbe:<\/strong> Orange<span id=\"result_box\" class=\"\" lang=\"de\">\u00a0<\/span><\/p>\n<p><span id=\"result_box\" class=\"short_text\" lang=\"de\"><span class=\"\"><strong>Bl\u00fctenfarbe:<\/strong>\u00a0Orange<\/span><\/span><\/p>\n<p><span id=\"result_box\" class=\"short_text\" lang=\"de\">Erh\u00e4ltlich in 7 Tagen + <span class=\"\">Lieferung<\/span><\/span><\/p>\n<p>&nbsp;<\/p>\n","protected":false},"featured_media":3838,"comment_status":"closed","ping_status":"closed","template":"","meta":[],"product_brand":[],"product_cat":[3540,3519,3522,3135,3133,3977],"product_tag":[],"class_list":{"0":"post-12344","1":"product","2":"type-product","3":"status-publish","4":"has-post-thumbnail","6":"product_cat-103-d-platin-frauen","7":"product_cat-002-ferse","8":"product_cat-003-farbe","9":"product_cat-flip-flops-de","10":"product_cat-ledersandalen-fur-frauen-de","11":"product_cat-mod-chianciano-de","12":"pa_colore-amaranth-de","13":"pa_colore-antique-brown-de","14":"pa_colore-beige-de","15":"pa_colore-black-de","16":"pa_colore-blue-cobalt-de","17":"pa_colore-bottle-green-de","18":"pa_colore-cacao-de","19":"pa_colore-dark-brown-de","20":"pa_colore-gold-de","21":"pa_colore-leather-de","22":"pa_colore-lilac-de","23":"pa_colore-natural-de","24":"pa_colore-night-blue-de","25":"pa_colore-orange-de","26":"pa_colore-pink-de","27":"pa_colore-red-de","28":"pa_colore-silver-de","29":"pa_colore-stierkampf","30":"pa_colore-taupe-de","31":"pa_colore-turquoise-de","32":"pa_colore-turtledove","33":"pa_colore-violet-de","34":"pa_colore-white-de","35":"pa_colore-yellow-mustard-de","36":"pa_colore-fiore-amaranth-de","37":"pa_colore-fiore-antique-brown-de","38":"pa_colore-fiore-black-de","39":"pa_colore-fiore-blue-cobalt-de","40":"pa_colore-fiore-bottle-green-de","41":"pa_colore-fiore-cacao-de","42":"pa_colore-fiore-dark-brown-de","43":"pa_colore-fiore-leather-de","44":"pa_colore-fiore-lilac-de","45":"pa_colore-fiore-natural-de","46":"pa_colore-fiore-night-blue-de","47":"pa_colore-fiore-orange-de","48":"pa_colore-fiore-pink-de","49":"pa_colore-fiore-red-de","50":"pa_colore-fiore-taupe-de","51":"pa_colore-fiore-turquoise-de","52":"pa_colore-fiore-violet-de","53":"pa_colore-fiore-white-de","54":"pa_colore-fiore-yellow-mustard-de","55":"pa_taglia-groesse-34","56":"pa_taglia-groesse-35","57":"pa_taglia-groesse-36","58":"pa_taglia-groesse-37","59":"pa_taglia-groesse-38","60":"pa_taglia-groesse-39","61":"pa_taglia-groesse-40","62":"pa_taglia-groesse-41","63":"pa_taglia-groesse-42","64":"pa_taglia-groesse-43","66":"first","67":"instock","68":"taxable","69":"shipping-taxable","70":"purchasable","71":"product-type-variable"},"_links":{"self":[{"href":"https:\/\/www.mariodoni.it\/de\/wp-json\/wp\/v2\/product\/12344","targetHints":{"allow":["GET"]}}],"collection":[{"href":"https:\/\/www.mariodoni.it\/de\/wp-json\/wp\/v2\/product"}],"about":[{"href":"https:\/\/www.mariodoni.it\/de\/wp-json\/wp\/v2\/types\/product"}],"replies":[{"embeddable":true,"href":"https:\/\/www.mariodoni.it\/de\/wp-json\/wp\/v2\/comments?post=12344"}],"wp:featuredmedia":[{"embeddable":true,"href":"https:\/\/www.mariodoni.it\/de\/wp-json\/wp\/v2\/media\/3838"}],"wp:attachment":[{"href":"https:\/\/www.mariodoni.it\/de\/wp-json\/wp\/v2\/media?parent=12344"}],"wp:term":[{"taxonomy":"product_brand","embeddable":true,"href":"https:\/\/www.mariodoni.it\/de\/wp-json\/wp\/v2\/product_brand?post=12344"},{"taxonomy":"product_cat","embeddable":true,"href":"https:\/\/www.mariodoni.it\/de\/wp-json\/wp\/v2\/product_cat?post=12344"},{"taxonomy":"product_tag","embeddable":true,"href":"https:\/\/www.mariodoni.it\/de\/wp-json\/wp\/v2\/product_tag?post=12344"}],"curies":[{"name":"wp","href":"https:\/\/api.w.org\/{rel}","templated":true}]}}