{"id":12332,"date":"2017-01-14T16:19:44","date_gmt":"2017-01-14T15:19:44","guid":{"rendered":"https:\/\/www.mariodoni.it\/prodotto\/sandale-sassetta-frau-flip-flops-in-leder-flex-realisiert-von-7zero2\/"},"modified":"2025-11-16T12:42:51","modified_gmt":"2025-11-16T11:42:51","slug":"sandale-sassetta-frau-flip-flops-in-leder-flex-realisiert-von-7zero2","status":"publish","type":"product","link":"https:\/\/www.mariodoni.it\/de\/prodotto\/sandale-sassetta-frau-flip-flops-in-leder-flex-realisiert-von-7zero2\/","title":{"rendered":"Sandale Sassetta Frau Flip-Flops in Leder Flex realisiert von 7zero2"},"content":{"rendered":"<h2>Damen-Gladiatorsandalen aus Leder \u2013 Modell Sassetta<\/h2>\n<p><span class=\"HwtZe\" lang=\"de\"><span class=\"jCAhz ChMk0b\"><span class=\"ryNqvb\">Damen-Gladiator-Sandale aus Leder Mod.<\/span><\/span> <span class=\"jCAhz ChMk0b\"><span class=\"ryNqvb\">Sassetta.<\/span><\/span><\/span><span class=\"HwtZe\" lang=\"de\"><span class=\"jCAhz ChMk0b\"><span class=\"ryNqvb\">Handgefertigte Zehenstegsandalen aus Leder, die von Mario Doni individuell f\u00fcr Sie angefertigt wurden.<\/span><\/span><\/span><\/p>\n<p>Handgemacht Sandalen aus flexiblem Leder, die Sohle und die Einlegesohle sind aus in Lauf gefettetem Leder hergestellt und mit speziellen Techniken verarbeitet, die sie langlebig, aber flexibel machen und sich f\u00fcr einen \u00e4u\u00dferst komfortablen Gebrauch eignen.<\/p>\n<p>Das Leder, das wir verwenden, werden in der Toskana und haupts\u00e4chlich in der Provinz Pisa hergestellt, die in der Verarbeitung von Pflanzenledern eine lange Tradition hat.<br \/>\nWie alle unsere Produkte wird die Verarbeitung vollst\u00e4ndig von uns in unserem Labor durchgef\u00fchrt, um jede einzelne Phase direkt von der Materialauswahl aus zu steuern.<\/p>\n<p>Jede Verarbeitung wird auf die speziellen W\u00fcnsche des Kunden hin durchgef\u00fchrt, vom Schnitt \u00fcber die Naht, die Montage des gew\u00fcnschten Modells, die von Hand gefertigte Farbe und das Finish mit Wachsen, Cremes und nat\u00fcrlichen \u00d6len, die sich seidig anf\u00fchlen und einen Effekt erzielen Antike Ledersandale, um sie einzigartig und handgemacht zu machen.<\/p>\n<h3>Jede Sandale hat das Garantiezertifikat des Consorzio Vera Pelle al Vegetale.<\/h3>\n","protected":false},"excerpt":{"rendered":"<p><strong>Modell:<\/strong>\u00a0Sassetta<br \/>\n<strong>Innensohle:<\/strong> Gef\u00fcttert mit echtem Leder Gem\u00fcse und N\u00e4hen<br \/>\n<strong>Sohle:<\/strong> naturgegebertes leder Flex<\/p>\n<p><strong>Ferse:<\/strong> Leder 3 mm<br \/>\n<strong>Obermaterial:<\/strong> naturgegebertes Leder<br \/>\n<strong>Farbe<\/strong>:\u00a0Natural<\/p>\n<p><span id=\"result_box\" class=\"short_text\" lang=\"de\">Erh\u00e4ltlich in 7 Tagen + Lieferung<\/span><\/p>\n","protected":false},"featured_media":3766,"comment_status":"closed","ping_status":"closed","template":"","meta":[],"product_brand":[],"product_cat":[3549,3518,3522,3531,3532,3135,3139,3133,4033],"product_tag":[],"class_list":{"0":"post-12332","1":"product","2":"type-product","3":"status-publish","4":"has-post-thumbnail","6":"product_cat-101-d-dynamisch-frauen","7":"product_cat-001-nahen","8":"product_cat-003-farbe","9":"product_cat-005-polsterung","10":"product_cat-006-flex-leder","11":"product_cat-flip-flops-de","12":"product_cat-gladiator-de","13":"product_cat-ledersandalen-fur-frauen-de","14":"product_cat-mod-sassetta-de","15":"pa_colore-amaranth-de","16":"pa_colore-antique-brown-de","17":"pa_colore-beige-de","18":"pa_colore-black-de","19":"pa_colore-blue-cobalt-de","20":"pa_colore-bottle-green-de","21":"pa_colore-cacao-de","22":"pa_colore-dark-brown-de","23":"pa_colore-gold-de","24":"pa_colore-leather-de","25":"pa_colore-lilac-de","26":"pa_colore-natural-de","27":"pa_colore-night-blue-de","28":"pa_colore-orange-de","29":"pa_colore-pink-de","30":"pa_colore-red-de","31":"pa_colore-silver-de","32":"pa_colore-stierkampf","33":"pa_colore-taupe-de","34":"pa_colore-turquoise-de","35":"pa_colore-turtledove","36":"pa_colore-violet-de","37":"pa_colore-white-de","38":"pa_colore-yellow-mustard-de","39":"pa_cucitura-seam-de","40":"pa_imbottitura-padding-de","41":"pa_taglia-groesse-34","42":"pa_taglia-groesse-35","43":"pa_taglia-groesse-36","44":"pa_taglia-groesse-37","45":"pa_taglia-groesse-38","46":"pa_taglia-groesse-39","47":"pa_taglia-groesse-40","48":"pa_taglia-groesse-41","49":"pa_taglia-groesse-42","50":"pa_taglia-groesse-43","52":"first","53":"instock","54":"taxable","55":"shipping-taxable","56":"purchasable","57":"product-type-variable"},"_links":{"self":[{"href":"https:\/\/www.mariodoni.it\/de\/wp-json\/wp\/v2\/product\/12332","targetHints":{"allow":["GET"]}}],"collection":[{"href":"https:\/\/www.mariodoni.it\/de\/wp-json\/wp\/v2\/product"}],"about":[{"href":"https:\/\/www.mariodoni.it\/de\/wp-json\/wp\/v2\/types\/product"}],"replies":[{"embeddable":true,"href":"https:\/\/www.mariodoni.it\/de\/wp-json\/wp\/v2\/comments?post=12332"}],"wp:featuredmedia":[{"embeddable":true,"href":"https:\/\/www.mariodoni.it\/de\/wp-json\/wp\/v2\/media\/3766"}],"wp:attachment":[{"href":"https:\/\/www.mariodoni.it\/de\/wp-json\/wp\/v2\/media?parent=12332"}],"wp:term":[{"taxonomy":"product_brand","embeddable":true,"href":"https:\/\/www.mariodoni.it\/de\/wp-json\/wp\/v2\/product_brand?post=12332"},{"taxonomy":"product_cat","embeddable":true,"href":"https:\/\/www.mariodoni.it\/de\/wp-json\/wp\/v2\/product_cat?post=12332"},{"taxonomy":"product_tag","embeddable":true,"href":"https:\/\/www.mariodoni.it\/de\/wp-json\/wp\/v2\/product_tag?post=12332"}],"curies":[{"name":"wp","href":"https:\/\/api.w.org\/{rel}","templated":true}]}}