{"id":12314,"date":"2017-01-12T07:08:36","date_gmt":"2017-01-12T06:08:36","guid":{"rendered":"https:\/\/www.mariodoni.it\/prodotto\/sandale-pitigliano-frau-realisiert-von-cop\/"},"modified":"2025-11-16T12:39:29","modified_gmt":"2025-11-16T11:39:29","slug":"sandale-pitigliano-frau-realisiert-von-cop","status":"publish","type":"product","link":"https:\/\/www.mariodoni.it\/de\/prodotto\/sandale-pitigliano-frau-realisiert-von-cop\/","title":{"rendered":"Sandale Pitigliano Frau realisiert von cop."},"content":{"rendered":"<h2><span class=\"HwtZe\" lang=\"de\"><span class=\"jCAhz ChMk0b\"><span class=\"ryNqvb\">Damen-Zehensandale aus Leder, Mod.<\/span><\/span> <span class=\"jCAhz ChMk0b\"><span class=\"ryNqvb\">Pitigliano.<\/span><\/span><br \/>\n<\/span><\/h2>\n<p><span class=\"HwtZe\" lang=\"de\"><span class=\"jCAhz ChMk0b\"><span class=\"ryNqvb\">Handgefertigte Gladiator-Sandalen aus Leder, ma\u00dfgeschneidert f\u00fcr Sie von Mario Doni.<\/span><\/span><\/span><\/p>\n<p>Jede Verarbeitungsstufe der Sandale wird in unserer Werkstatt durchgef\u00fchrt, um das Produkt von der Wahl der Rohstoffe, jedem Verarbeitungsschritt bis hin zu der Endbearbeitung, Verpackung und Lieferung an den Kunden zu folgen.<\/p>\n<p>Die Verarbeitung der Sandale beginnt mit dem Schneiden des Leders f\u00fcr die Sohle, Einlegesohle und Absatz und folgt mit dem Schnitt des pflanzlich gegerbten Leders f\u00fcr das Oberleder.<\/p>\n<p>Die Montage der Komponenten wird f\u00fcr jeden Kunden unter Ber\u00fccksichtigung der gew\u00fcnschten \u00c4nderungen durchgef\u00fchrt.<\/p>\n<p>Das F\u00e4rben erfolgt von Hand und das ist noch ein Grund, warum jede Sandale einzigartig ist.<\/p>\n<p>Die Fertigstellung wird mit Wachsen, Cremes und nat\u00fcrlichen \u00d6len durchgef\u00fchrt, die dem Leder einen seidigen und Antik-Effekt geben.<\/p>\n<p>Jede Sandale hat den Garantieschein des Konsortiums Pflanzlich Gegerbtes Leder.<\/p>\n","protected":false},"excerpt":{"rendered":"<p><strong>Modell:<\/strong>\u00a0Pitigliano<br \/>\n<strong>Innensohle:<\/strong> Gef\u00fcttert mit echtem Leder Gem\u00fcse und N\u00e4hen<br \/>\n<strong>Sohle:<\/strong> naturgegebertes leder<\/p>\n<p><strong>Ferse:<\/strong> Naturegeberten leder\u00a0 und gummi 10 mm<br \/>\n<strong>Obermaterial:<\/strong> naturgegebertes Leder<br \/>\n<strong>Farbe<\/strong>:\u00a0Natural<\/p>\n<p><span id=\"result_box\" class=\"short_text\" lang=\"de\">Erh\u00e4ltlich in 7 Tagen + <span class=\"\">Lieferung<\/span><\/span><\/p>\n","protected":false},"featured_media":3673,"comment_status":"closed","ping_status":"closed","template":"","meta":[],"product_brand":[],"product_cat":[3549,3518,3519,3522,3531,3135,3143,3139,3133,4027],"product_tag":[],"class_list":{"0":"post-12314","1":"product","2":"type-product","3":"status-publish","4":"has-post-thumbnail","6":"product_cat-101-d-dynamisch-frauen","7":"product_cat-001-nahen","8":"product_cat-002-ferse","9":"product_cat-003-farbe","10":"product_cat-005-polsterung","11":"product_cat-flip-flops-de","12":"product_cat-franziskaner-de","13":"product_cat-gladiator-de","14":"product_cat-ledersandalen-fur-frauen-de","15":"product_cat-mod-pitigliano-de","16":"pa_colore-amaranth-de","17":"pa_colore-antique-brown-de","18":"pa_colore-beige-de","19":"pa_colore-black-de","20":"pa_colore-blue-cobalt-de","21":"pa_colore-bottle-green-de","22":"pa_colore-cacao-de","23":"pa_colore-dark-brown-de","24":"pa_colore-gold-de","25":"pa_colore-leather-de","26":"pa_colore-lilac-de","27":"pa_colore-natural-de","28":"pa_colore-night-blue-de","29":"pa_colore-orange-de","30":"pa_colore-pink-de","31":"pa_colore-red-de","32":"pa_colore-silver-de","33":"pa_colore-stierkampf","34":"pa_colore-taupe-de","35":"pa_colore-turquoise-de","36":"pa_colore-turtledove","37":"pa_colore-violet-de","38":"pa_colore-white-de","39":"pa_colore-yellow-mustard-de","40":"pa_cucitura-seam-de","41":"pa_imbottitura-padding-de","42":"pa_taglia-groesse-34","43":"pa_taglia-groesse-35","44":"pa_taglia-groesse-36","45":"pa_taglia-groesse-37","46":"pa_taglia-groesse-38","47":"pa_taglia-groesse-39","48":"pa_taglia-groesse-40","49":"pa_taglia-groesse-41","50":"pa_taglia-groesse-42","51":"pa_taglia-groesse-43","53":"first","54":"instock","55":"taxable","56":"shipping-taxable","57":"purchasable","58":"product-type-variable"},"_links":{"self":[{"href":"https:\/\/www.mariodoni.it\/de\/wp-json\/wp\/v2\/product\/12314","targetHints":{"allow":["GET"]}}],"collection":[{"href":"https:\/\/www.mariodoni.it\/de\/wp-json\/wp\/v2\/product"}],"about":[{"href":"https:\/\/www.mariodoni.it\/de\/wp-json\/wp\/v2\/types\/product"}],"replies":[{"embeddable":true,"href":"https:\/\/www.mariodoni.it\/de\/wp-json\/wp\/v2\/comments?post=12314"}],"wp:featuredmedia":[{"embeddable":true,"href":"https:\/\/www.mariodoni.it\/de\/wp-json\/wp\/v2\/media\/3673"}],"wp:attachment":[{"href":"https:\/\/www.mariodoni.it\/de\/wp-json\/wp\/v2\/media?parent=12314"}],"wp:term":[{"taxonomy":"product_brand","embeddable":true,"href":"https:\/\/www.mariodoni.it\/de\/wp-json\/wp\/v2\/product_brand?post=12314"},{"taxonomy":"product_cat","embeddable":true,"href":"https:\/\/www.mariodoni.it\/de\/wp-json\/wp\/v2\/product_cat?post=12314"},{"taxonomy":"product_tag","embeddable":true,"href":"https:\/\/www.mariodoni.it\/de\/wp-json\/wp\/v2\/product_tag?post=12314"}],"curies":[{"name":"wp","href":"https:\/\/api.w.org\/{rel}","templated":true}]}}