{"id":12287,"date":"2017-01-09T10:47:42","date_gmt":"2017-01-09T09:47:42","guid":{"rendered":"https:\/\/www.mariodoni.it\/prodotto\/sandale-volterra-frau-mod-franziskaner-in-leder-flex-realisiert-fur-elia\/"},"modified":"2025-11-16T11:42:46","modified_gmt":"2025-11-16T10:42:46","slug":"sandale-volterra-frau-mod-franziskaner-in-leder-flex-realisiert-fur-elia","status":"publish","type":"product","link":"https:\/\/www.mariodoni.it\/de\/prodotto\/sandale-volterra-frau-mod-franziskaner-in-leder-flex-realisiert-fur-elia\/","title":{"rendered":"Sandale Volterra Frau mod. Franziskaner in Leder Flex realisiert f\u00fcr elia"},"content":{"rendered":"<h2>Damen-Franziskaner-Sandalen aus pflanzlich gegerbtem Leder \u2013 Modell Volterra<\/h2>\n<p><span class=\"HwtZe\" lang=\"de\"><span class=\"jCAhz ChMk0b\"><span class=\"ryNqvb\">Franziskaner-Sandale f\u00fcr Damen aus flexiblem Leder Mod.<\/span><\/span> <span class=\"jCAhz ChMk0b\"><span class=\"ryNqvb\">Volterra.<\/span><\/span><br \/>\n<span class=\"jCAhz ChMk0b\"><span class=\"ryNqvb\">Ma\u00dfgeschneiderte Damensandalen, die von Mario Doni individuell f\u00fcr Sie angefertigt wurden.<\/span><\/span><\/span><\/p>\n<p>Handgemacht Sandalen aus flexiblem Leder, die Sohle und die Einlegesohle sind aus in Lauf gefettetem Leder hergestellt und mit speziellen Techniken verarbeitet, die sie langlebig, aber flexibel machen und sich f\u00fcr einen \u00e4u\u00dferst komfortablen Gebrauch eignen.<\/p>\n<p>Das Leder, das wir verwenden, werden in der Toskana und haupts\u00e4chlich in der Provinz Pisa hergestellt, die in der Verarbeitung von Pflanzenledern eine lange Tradition hat.<br \/>\nWie alle unsere Produkte wird die Verarbeitung vollst\u00e4ndig von uns in unserem Labor durchgef\u00fchrt, um jede einzelne Phase direkt von der Materialauswahl aus zu steuern.<\/p>\n<p>Jede Verarbeitung wird auf die speziellen W\u00fcnsche des Kunden hin durchgef\u00fchrt, vom Schnitt \u00fcber die Naht, die Montage des gew\u00fcnschten Modells, die von Hand gefertigte Farbe und das Finish mit Wachsen, Cremes und nat\u00fcrlichen \u00d6len, die sich seidig anf\u00fchlen und einen Effekt erzielen Antike Ledersandale, um sie einzigartig und handgemacht zu machen.<\/p>\n<h3>Jede Sandale hat das Garantiezertifikat des Consorzio Vera Pelle al Vegetale.<\/h3>\n","protected":false},"excerpt":{"rendered":"<p><strong>Modell:<\/strong>\u00a0Volterra<br \/>\n<strong>Innensohle:<\/strong> Natur gegebertes Leder Flex<br \/>\n<strong>Sohle:<\/strong> naturgegebertes leder Flex<\/p>\n<p><strong>Ferse:<\/strong> Naturegeberten leder\u00a0 und gummi 10 mm<br \/>\n<strong>Obermaterial:<\/strong> naturgegebertes Leder<br \/>\n<strong>Farbe<\/strong>: Violet<\/p>\n<p><span id=\"result_box\" class=\"short_text\" lang=\"de\">Erh\u00e4ltlich in 7 Tagen + Lieferung<\/span><\/p>\n","protected":false},"featured_media":3535,"comment_status":"closed","ping_status":"closed","template":"","meta":[],"product_brand":[],"product_cat":[3542,3518,3519,3522,3532,3143,3133,4051],"product_tag":[],"class_list":{"0":"post-12287","1":"product","2":"type-product","3":"status-publish","4":"has-post-thumbnail","6":"product_cat-100-d-basic-frauen","7":"product_cat-001-nahen","8":"product_cat-002-ferse","9":"product_cat-003-farbe","10":"product_cat-006-flex-leder","11":"product_cat-franziskaner-de","12":"product_cat-ledersandalen-fur-frauen-de","13":"product_cat-mod-volterra-de","14":"pa_colore-amaranth-de","15":"pa_colore-antique-brown-de","16":"pa_colore-beige-de","17":"pa_colore-black-de","18":"pa_colore-blue-cobalt-de","19":"pa_colore-bottle-green-de","20":"pa_colore-cacao-de","21":"pa_colore-dark-brown-de","22":"pa_colore-gold-de","23":"pa_colore-leather-de","24":"pa_colore-lilac-de","25":"pa_colore-natural-de","26":"pa_colore-night-blue-de","27":"pa_colore-orange-de","28":"pa_colore-pink-de","29":"pa_colore-red-de","30":"pa_colore-silver-de","31":"pa_colore-stierkampf","32":"pa_colore-taupe-de","33":"pa_colore-turquoise-de","34":"pa_colore-turtledove","35":"pa_colore-violet-de","36":"pa_colore-white-de","37":"pa_colore-yellow-mustard-de","38":"pa_cucitura-seam-de","39":"pa_taglia-groesse-34","40":"pa_taglia-groesse-35","41":"pa_taglia-groesse-36","42":"pa_taglia-groesse-37","43":"pa_taglia-groesse-38","44":"pa_taglia-groesse-39","45":"pa_taglia-groesse-40","46":"pa_taglia-groesse-41","47":"pa_taglia-groesse-42","48":"pa_taglia-groesse-43","50":"first","51":"instock","52":"taxable","53":"shipping-taxable","54":"purchasable","55":"product-type-variable"},"_links":{"self":[{"href":"https:\/\/www.mariodoni.it\/de\/wp-json\/wp\/v2\/product\/12287","targetHints":{"allow":["GET"]}}],"collection":[{"href":"https:\/\/www.mariodoni.it\/de\/wp-json\/wp\/v2\/product"}],"about":[{"href":"https:\/\/www.mariodoni.it\/de\/wp-json\/wp\/v2\/types\/product"}],"replies":[{"embeddable":true,"href":"https:\/\/www.mariodoni.it\/de\/wp-json\/wp\/v2\/comments?post=12287"}],"wp:featuredmedia":[{"embeddable":true,"href":"https:\/\/www.mariodoni.it\/de\/wp-json\/wp\/v2\/media\/3535"}],"wp:attachment":[{"href":"https:\/\/www.mariodoni.it\/de\/wp-json\/wp\/v2\/media?parent=12287"}],"wp:term":[{"taxonomy":"product_brand","embeddable":true,"href":"https:\/\/www.mariodoni.it\/de\/wp-json\/wp\/v2\/product_brand?post=12287"},{"taxonomy":"product_cat","embeddable":true,"href":"https:\/\/www.mariodoni.it\/de\/wp-json\/wp\/v2\/product_cat?post=12287"},{"taxonomy":"product_tag","embeddable":true,"href":"https:\/\/www.mariodoni.it\/de\/wp-json\/wp\/v2\/product_tag?post=12287"}],"curies":[{"name":"wp","href":"https:\/\/api.w.org\/{rel}","templated":true}]}}