{"id":12260,"date":"2016-12-18T09:00:50","date_gmt":"2016-12-18T08:00:50","guid":{"rendered":"https:\/\/www.mariodoni.it\/prodotto\/sandale-pescia-frau-realisiert-von-paola\/"},"modified":"2025-11-16T11:47:00","modified_gmt":"2025-11-16T10:47:00","slug":"sandale-pescia-frau-realisiert-von-paola","status":"publish","type":"product","link":"https:\/\/www.mariodoni.it\/de\/prodotto\/sandale-pescia-frau-realisiert-von-paola\/","title":{"rendered":"Sandale Pescia Frau realisiert von Paola"},"content":{"rendered":"<h2>Handgefertigte Damenledersandalen \u2013 Modell Pescia von Mario Doni<\/h2>\n<p>Damensandale aus Leder mod.Pescia.<br \/>\nVon Mario Doni individuell f\u00fcr Sie angefertigte Ledersandalen mit Schn\u00fcrsenkeln.<\/p>\n<p>Jede Verarbeitungsstufe der Sandale wird in unserer Werkstatt durchgef\u00fchrt, um das Produkt von der Wahl der Rohstoffe, jedem Verarbeitungsschritt bis hin zu der Endbearbeitung, Verpackung und Lieferung an den Kunden zu folgen.<\/p>\n<p>Die Verarbeitung der Sandale beginnt mit dem Schneiden des Leders f\u00fcr die Sohle, Einlegesohle und Absatz und folgt mit dem Schnitt des pflanzlich gegerbten Leders f\u00fcr das Oberleder.<\/p>\n<p>Die Montage der Komponenten wird f\u00fcr jeden Kunden unter Ber\u00fccksichtigung der gew\u00fcnschten \u00c4nderungen durchgef\u00fchrt.<\/p>\n<p>Das F\u00e4rben erfolgt von Hand und das ist noch ein Grund, warum jede Sandale einzigartig ist.<\/p>\n<p>Die Fertigstellung wird mit Wachsen, Cremes und nat\u00fcrlichen \u00d6len durchgef\u00fchrt, die dem Leder einen seidigen und Antik-Effekt geben.<\/p>\n<h3>Jede Sandale hat den Garantieschein des Konsortiums Pflanzlich Gegerbtes Leder.<\/h3>\n","protected":false},"excerpt":{"rendered":"<p><strong>Modell:<\/strong>\u00a0Pescia<br \/>\n<strong>Innensohle:<\/strong> naturgegebertes Leder<br \/>\n<strong>Sohle:<\/strong> naturgegebertes leder<\/p>\n<p><strong>Ferse:<\/strong> Leder 3 mm<br \/>\n<strong>Obermaterial:<\/strong> naturgegebertes Leder<br \/>\n<strong>Farbe:<\/strong> Yellow Mustard<\/p>\n<p><span id=\"result_box\" class=\"short_text\" lang=\"de\"><span class=\"\"><strong>Bl\u00fctenfarbe:<\/strong> Lilla<\/span><\/span><\/p>\n<p><span id=\"result_box\" class=\"short_text\" lang=\"de\">Erh\u00e4ltlich in 7 Tagen + <span class=\"\">Lieferung<\/span><\/span><\/p>\n<p>&nbsp;<\/p>\n","protected":false},"featured_media":3403,"comment_status":"closed","ping_status":"closed","template":"","meta":[],"product_brand":[],"product_cat":[3540,3522,3143,3133,4021],"product_tag":[],"class_list":{"0":"post-12260","1":"product","2":"type-product","3":"status-publish","4":"has-post-thumbnail","6":"product_cat-103-d-platin-frauen","7":"product_cat-003-farbe","8":"product_cat-franziskaner-de","9":"product_cat-ledersandalen-fur-frauen-de","10":"product_cat-mod-pescia-de","11":"pa_colore-amaranth-de","12":"pa_colore-antique-brown-de","13":"pa_colore-beige-de","14":"pa_colore-black-de","15":"pa_colore-blue-cobalt-de","16":"pa_colore-bottle-green-de","17":"pa_colore-cacao-de","18":"pa_colore-dark-brown-de","19":"pa_colore-gold-de","20":"pa_colore-leather-de","21":"pa_colore-lilac-de","22":"pa_colore-natural-de","23":"pa_colore-night-blue-de","24":"pa_colore-orange-de","25":"pa_colore-pink-de","26":"pa_colore-red-de","27":"pa_colore-silver-de","28":"pa_colore-stierkampf","29":"pa_colore-taupe-de","30":"pa_colore-turquoise-de","31":"pa_colore-turtledove","32":"pa_colore-violet-de","33":"pa_colore-white-de","34":"pa_colore-yellow-mustard-de","35":"pa_colore-fiore-amaranth-de","36":"pa_colore-fiore-antique-brown-de","37":"pa_colore-fiore-black-de","38":"pa_colore-fiore-blue-cobalt-de","39":"pa_colore-fiore-bottle-green-de","40":"pa_colore-fiore-cacao-de","41":"pa_colore-fiore-dark-brown-de","42":"pa_colore-fiore-leather-de","43":"pa_colore-fiore-lilac-de","44":"pa_colore-fiore-natural-de","45":"pa_colore-fiore-night-blue-de","46":"pa_colore-fiore-orange-de","47":"pa_colore-fiore-pink-de","48":"pa_colore-fiore-red-de","49":"pa_colore-fiore-taupe-de","50":"pa_colore-fiore-turquoise-de","51":"pa_colore-fiore-violet-de","52":"pa_colore-fiore-white-de","53":"pa_colore-fiore-yellow-mustard-de","54":"pa_taglia-groesse-34","55":"pa_taglia-groesse-35","56":"pa_taglia-groesse-36","57":"pa_taglia-groesse-37","58":"pa_taglia-groesse-38","59":"pa_taglia-groesse-39","60":"pa_taglia-groesse-40","61":"pa_taglia-groesse-41","62":"pa_taglia-groesse-42","63":"pa_taglia-groesse-43","65":"first","66":"instock","67":"taxable","68":"shipping-taxable","69":"purchasable","70":"product-type-variable"},"_links":{"self":[{"href":"https:\/\/www.mariodoni.it\/de\/wp-json\/wp\/v2\/product\/12260","targetHints":{"allow":["GET"]}}],"collection":[{"href":"https:\/\/www.mariodoni.it\/de\/wp-json\/wp\/v2\/product"}],"about":[{"href":"https:\/\/www.mariodoni.it\/de\/wp-json\/wp\/v2\/types\/product"}],"replies":[{"embeddable":true,"href":"https:\/\/www.mariodoni.it\/de\/wp-json\/wp\/v2\/comments?post=12260"}],"wp:featuredmedia":[{"embeddable":true,"href":"https:\/\/www.mariodoni.it\/de\/wp-json\/wp\/v2\/media\/3403"}],"wp:attachment":[{"href":"https:\/\/www.mariodoni.it\/de\/wp-json\/wp\/v2\/media?parent=12260"}],"wp:term":[{"taxonomy":"product_brand","embeddable":true,"href":"https:\/\/www.mariodoni.it\/de\/wp-json\/wp\/v2\/product_brand?post=12260"},{"taxonomy":"product_cat","embeddable":true,"href":"https:\/\/www.mariodoni.it\/de\/wp-json\/wp\/v2\/product_cat?post=12260"},{"taxonomy":"product_tag","embeddable":true,"href":"https:\/\/www.mariodoni.it\/de\/wp-json\/wp\/v2\/product_tag?post=12260"}],"curies":[{"name":"wp","href":"https:\/\/api.w.org\/{rel}","templated":true}]}}