{"id":12251,"date":"2016-12-13T16:39:10","date_gmt":"2016-12-13T15:39:10","guid":{"rendered":"https:\/\/www.mariodoni.it\/prodotto\/sandale-gorgona-frau-realisiert-von-joh-nat\/"},"modified":"2025-11-16T11:52:15","modified_gmt":"2025-11-16T10:52:15","slug":"sandale-gorgona-frau-realisiert-von-joh-nat","status":"publish","type":"product","link":"https:\/\/www.mariodoni.it\/de\/prodotto\/sandale-gorgona-frau-realisiert-von-joh-nat\/","title":{"rendered":"Sandale Gorgona Frau realisiert von joh.nat"},"content":{"rendered":"<h2>Leder-Slipper-Sandale f\u00fcr Damen Mod. Gorgona.<\/h2>\n<p>Handgefertigte Zehenstegsandalen f\u00fcr Damen aus Leder, ma\u00dfgeschneidert f\u00fcr Sie von Mario Doni.<\/p>\n<p>Jede Verarbeitungsstufe der Sandale wird in unserer Werkstatt durchgef\u00fchrt, um das Produkt von der Wahl der Rohstoffe, jedem Verarbeitungsschritt bis hin zu der Endbearbeitung, Verpackung und Lieferung an den Kunden zu folgen.<\/p>\n<p>Die Verarbeitung der Sandale beginnt mit dem Schneiden des Leders f\u00fcr die Sohle, Einlegesohle und Absatz und folgt mit dem Schnitt des pflanzlich gegerbten Leders f\u00fcr das Oberleder.<\/p>\n<p>Die Montage der Komponenten wird f\u00fcr jeden Kunden unter Ber\u00fccksichtigung der gew\u00fcnschten \u00c4nderungen durchgef\u00fchrt.<\/p>\n<p>Das F\u00e4rben erfolgt von Hand und das ist noch ein Grund, warum jede Sandale einzigartig ist.<\/p>\n<p>Die Fertigstellung wird mit Wachsen, Cremes und nat\u00fcrlichen \u00d6len durchgef\u00fchrt, die dem Leder einen seidigen und Antik-Effekt geben.<\/p>\n<p>Jede Sandale hat den Garantieschein des Konsortiums Pflanzlich Gegerbtes Leder.<\/p>\n","protected":false},"excerpt":{"rendered":"<p><strong>Modell:<\/strong>\u00a0Gorgona<br \/>\n<strong>Innensohle:<\/strong> Naturgegebertes Leder<br \/>\n<strong>Sohle:<\/strong> naturgegebertes leder<\/p>\n<p><strong>Ferse:<\/strong> Leder 3 mm<br \/>\n<strong>Obermaterial:<\/strong> naturgegebertes Leder<br \/>\n<strong>Farbe<\/strong>:\u00a0Red<\/p>\n<p><span id=\"result_box\" class=\"short_text\" lang=\"de\">Erh\u00e4ltlich in 7 Tagen + Lieferung<\/span><\/p>\n","protected":false},"featured_media":3352,"comment_status":"closed","ping_status":"closed","template":"","meta":[],"product_brand":[],"product_cat":[3542,3522,3135,3133,3999],"product_tag":[],"class_list":{"0":"post-12251","1":"product","2":"type-product","3":"status-publish","4":"has-post-thumbnail","6":"product_cat-100-d-basic-frauen","7":"product_cat-003-farbe","8":"product_cat-flip-flops-de","9":"product_cat-ledersandalen-fur-frauen-de","10":"product_cat-mod-gorgona-de","11":"pa_colore-amaranth-de","12":"pa_colore-antique-brown-de","13":"pa_colore-beige-de","14":"pa_colore-black-de","15":"pa_colore-blue-cobalt-de","16":"pa_colore-bottle-green-de","17":"pa_colore-cacao-de","18":"pa_colore-dark-brown-de","19":"pa_colore-gold-de","20":"pa_colore-leather-de","21":"pa_colore-lilac-de","22":"pa_colore-natural-de","23":"pa_colore-night-blue-de","24":"pa_colore-orange-de","25":"pa_colore-pink-de","26":"pa_colore-red-de","27":"pa_colore-silver-de","28":"pa_colore-stierkampf","29":"pa_colore-taupe-de","30":"pa_colore-turquoise-de","31":"pa_colore-turtledove","32":"pa_colore-violet-de","33":"pa_colore-white-de","34":"pa_colore-yellow-mustard-de","35":"pa_taglia-groesse-34","36":"pa_taglia-groesse-35","37":"pa_taglia-groesse-36","38":"pa_taglia-groesse-37","39":"pa_taglia-groesse-38","40":"pa_taglia-groesse-39","41":"pa_taglia-groesse-40","42":"pa_taglia-groesse-41","43":"pa_taglia-groesse-42","44":"pa_taglia-groesse-43","46":"first","47":"instock","48":"taxable","49":"shipping-taxable","50":"purchasable","51":"product-type-variable"},"_links":{"self":[{"href":"https:\/\/www.mariodoni.it\/de\/wp-json\/wp\/v2\/product\/12251","targetHints":{"allow":["GET"]}}],"collection":[{"href":"https:\/\/www.mariodoni.it\/de\/wp-json\/wp\/v2\/product"}],"about":[{"href":"https:\/\/www.mariodoni.it\/de\/wp-json\/wp\/v2\/types\/product"}],"replies":[{"embeddable":true,"href":"https:\/\/www.mariodoni.it\/de\/wp-json\/wp\/v2\/comments?post=12251"}],"wp:featuredmedia":[{"embeddable":true,"href":"https:\/\/www.mariodoni.it\/de\/wp-json\/wp\/v2\/media\/3352"}],"wp:attachment":[{"href":"https:\/\/www.mariodoni.it\/de\/wp-json\/wp\/v2\/media?parent=12251"}],"wp:term":[{"taxonomy":"product_brand","embeddable":true,"href":"https:\/\/www.mariodoni.it\/de\/wp-json\/wp\/v2\/product_brand?post=12251"},{"taxonomy":"product_cat","embeddable":true,"href":"https:\/\/www.mariodoni.it\/de\/wp-json\/wp\/v2\/product_cat?post=12251"},{"taxonomy":"product_tag","embeddable":true,"href":"https:\/\/www.mariodoni.it\/de\/wp-json\/wp\/v2\/product_tag?post=12251"}],"curies":[{"name":"wp","href":"https:\/\/api.w.org\/{rel}","templated":true}]}}