{"id":12212,"date":"2016-12-08T14:46:26","date_gmt":"2016-12-08T13:46:26","guid":{"rendered":"https:\/\/www.mariodoni.it\/prodotto\/sandale-argentario-frau-in-leder-flex-realisiert-von-mariaf\/"},"modified":"2025-11-16T11:23:42","modified_gmt":"2025-11-16T10:23:42","slug":"handgefertigte-damensandale-aus-flexiblem-leder","status":"publish","type":"product","link":"https:\/\/www.mariodoni.it\/de\/prodotto\/handgefertigte-damensandale-aus-flexiblem-leder\/","title":{"rendered":"Sandale Argentario Frau in Leder Flex  realisiert von Mariaf"},"content":{"rendered":"<h2>Handgefertigte Damensandale aus flexiblem Leder \u2013 Mod. Argentario<\/h2>\n<p><span class=\"VIiyi\" lang=\"de\"><span class=\"JLqJ4b ChMk0b\" data-language-for-alternatives=\"de\" data-language-to-translate-into=\"it\" data-phrase-index=\"3\" data-number-of-phrases=\"4\">Handgefertigte Gladiatorensandalen aus flexiblem Leder, individuell f\u00fcr Sie von Mario Doni.<\/span><\/span><\/p>\n<p>Handgemacht Sandalen aus flexiblem Leder, die Sohle und die Einlegesohle sind aus in Lauf gefettetem Leder hergestellt und mit speziellen Techniken verarbeitet, die sie langlebig, aber flexibel machen und sich f\u00fcr einen \u00e4u\u00dferst komfortablen Gebrauch eignen.<\/p>\n<p>Das Leder, das wir verwenden, werden in der Toskana und haupts\u00e4chlich in der Provinz Pisa hergestellt, die in der Verarbeitung von Pflanzenledern eine lange Tradition hat.<br \/>\nWie alle unsere Produkte wird die Verarbeitung vollst\u00e4ndig von uns in unserem Labor durchgef\u00fchrt, um jede einzelne Phase direkt von der Materialauswahl aus zu steuern.<\/p>\n<p>Jede Verarbeitung wird auf die speziellen W\u00fcnsche des Kunden hin durchgef\u00fchrt, vom Schnitt \u00fcber die Naht, die Montage des gew\u00fcnschten Modells.<\/p>\n<p>Auch bei der handgefertigten Damensandale aus flexiblem Leder \u2013 Mod. Argentario \u2013 erfolgt die F\u00e4rbung von Hand direkt am Kleidungsst\u00fcck. Daher ist jede Sandale ein Unikat.<\/p>\n<p>Cremes und nat\u00fcrlichen \u00d6len, die sich seidig anf\u00fchlen und einen Effekt erzielen Antike Ledersandale, um sie einzigartig und handgemacht zu machen.<\/p>\n","protected":false},"excerpt":{"rendered":"<p><strong>Modell:<\/strong>\u00a0Argentario<br \/>\n<strong>Innensohle:<\/strong> Naturgegebertes Leder<br \/>\n<strong>Sohle:<\/strong> naturgegebertes leder Flex<\/p>\n<p><strong>Ferse:<\/strong> Leder 3 mm<br \/>\n<strong>Obermaterial:<\/strong> naturgegebertes Leder<br \/>\n<strong>Farbe<\/strong>:\u00a0Leather<\/p>\n<p><span id=\"result_box\" class=\"short_text\" lang=\"de\">Erh\u00e4ltlich in 7 Tagen + Lieferung<\/span><\/p>\n","protected":false},"featured_media":3173,"comment_status":"closed","ping_status":"closed","template":"","meta":[],"product_brand":[],"product_cat":[3542,3548,3522,3532,3143,3139,3133],"product_tag":[],"class_list":{"0":"post-12212","1":"product","2":"type-product","3":"status-publish","4":"has-post-thumbnail","6":"product_cat-100-d-basic-frauen","7":"product_cat-mod-argentario-de","8":"product_cat-003-farbe","9":"product_cat-006-flex-leder","10":"product_cat-franziskaner-de","11":"product_cat-gladiator-de","12":"product_cat-ledersandalen-fur-frauen-de","13":"pa_colore-amaranth-de","14":"pa_colore-antique-brown-de","15":"pa_colore-beige-de","16":"pa_colore-black-de","17":"pa_colore-blue-cobalt-de","18":"pa_colore-bottle-green-de","19":"pa_colore-cacao-de","20":"pa_colore-dark-brown-de","21":"pa_colore-gold-de","22":"pa_colore-leather-de","23":"pa_colore-lilac-de","24":"pa_colore-natural-de","25":"pa_colore-night-blue-de","26":"pa_colore-orange-de","27":"pa_colore-pink-de","28":"pa_colore-red-de","29":"pa_colore-silver-de","30":"pa_colore-stierkampf","31":"pa_colore-taupe-de","32":"pa_colore-turquoise-de","33":"pa_colore-turtledove","34":"pa_colore-violet-de","35":"pa_colore-white-de","36":"pa_colore-yellow-mustard-de","37":"pa_taglia-groesse-34","38":"pa_taglia-groesse-35","39":"pa_taglia-groesse-36","40":"pa_taglia-groesse-37","41":"pa_taglia-groesse-38","42":"pa_taglia-groesse-39","43":"pa_taglia-groesse-40","44":"pa_taglia-groesse-41","45":"pa_taglia-groesse-42","46":"pa_taglia-groesse-43","48":"first","49":"instock","50":"taxable","51":"shipping-taxable","52":"purchasable","53":"product-type-variable"},"_links":{"self":[{"href":"https:\/\/www.mariodoni.it\/de\/wp-json\/wp\/v2\/product\/12212","targetHints":{"allow":["GET"]}}],"collection":[{"href":"https:\/\/www.mariodoni.it\/de\/wp-json\/wp\/v2\/product"}],"about":[{"href":"https:\/\/www.mariodoni.it\/de\/wp-json\/wp\/v2\/types\/product"}],"replies":[{"embeddable":true,"href":"https:\/\/www.mariodoni.it\/de\/wp-json\/wp\/v2\/comments?post=12212"}],"wp:featuredmedia":[{"embeddable":true,"href":"https:\/\/www.mariodoni.it\/de\/wp-json\/wp\/v2\/media\/3173"}],"wp:attachment":[{"href":"https:\/\/www.mariodoni.it\/de\/wp-json\/wp\/v2\/media?parent=12212"}],"wp:term":[{"taxonomy":"product_brand","embeddable":true,"href":"https:\/\/www.mariodoni.it\/de\/wp-json\/wp\/v2\/product_brand?post=12212"},{"taxonomy":"product_cat","embeddable":true,"href":"https:\/\/www.mariodoni.it\/de\/wp-json\/wp\/v2\/product_cat?post=12212"},{"taxonomy":"product_tag","embeddable":true,"href":"https:\/\/www.mariodoni.it\/de\/wp-json\/wp\/v2\/product_tag?post=12212"}],"curies":[{"name":"wp","href":"https:\/\/api.w.org\/{rel}","templated":true}]}}