{"id":12209,"date":"2016-12-08T14:22:41","date_gmt":"2016-12-08T13:22:41","guid":{"rendered":"https:\/\/www.mariodoni.it\/prodotto\/sandale-calci-frau-mod-gladiator-in-leder-flex-realisiert-von-violetta\/"},"modified":"2025-11-16T11:23:13","modified_gmt":"2025-11-16T10:23:13","slug":"sandale-calci-frau-mod-gladiator-in-leder-flex-realisiert-von-violetta","status":"publish","type":"product","link":"https:\/\/www.mariodoni.it\/de\/prodotto\/sandale-calci-frau-mod-gladiator-in-leder-flex-realisiert-von-violetta\/","title":{"rendered":"Sandale Calci Frau mod. Gladiator in Leder Flex realisiert von VIOLETTA"},"content":{"rendered":"<h2><span class=\"VIiyi\" lang=\"de\"><span class=\"JLqJ4b ChMk0b\" data-language-for-alternatives=\"de\" data-language-to-translate-into=\"it\" data-phrase-index=\"0\" data-number-of-phrases=\"4\">Sandale aus flexiblem handgefertigtem Leder f\u00fcr Damen mod.<\/span> <span class=\"JLqJ4b ChMk0b\" data-language-for-alternatives=\"de\" data-language-to-translate-into=\"it\" data-phrase-index=\"1\" data-number-of-phrases=\"4\">Calci.<\/span><\/span><\/h2>\n<p><span class=\"VIiyi\" lang=\"de\"><span class=\"JLqJ4b ChMk0b\" data-language-for-alternatives=\"de\" data-language-to-translate-into=\"it\" data-phrase-index=\"3\" data-number-of-phrases=\"4\">Gladiator-Sandalen aus pflanzlich gegerbtem Leder, von Mario Doni f\u00fcr Sie ma\u00dfgefertigt.<\/span><\/span><\/p>\n<p>Handgemacht Sandalen aus flexiblem Leder, die Sohle und die Einlegesohle sind aus in Lauf gefettetem Leder hergestellt und mit speziellen Techniken verarbeitet, die sie langlebig, aber flexibel machen und sich f\u00fcr einen \u00e4u\u00dferst komfortablen Gebrauch eignen.<\/p>\n<p>Das Leder, das wir verwenden, werden in der Toskana und haupts\u00e4chlich in der Provinz Pisa hergestellt, die in der Verarbeitung von Pflanzenledern eine lange Tradition hat.<br \/>\nWie alle unsere Produkte wird die Verarbeitung vollst\u00e4ndig von uns in unserem Labor durchgef\u00fchrt, um jede einzelne Phase direkt von der Materialauswahl aus zu steuern.<\/p>\n<p>Jede Verarbeitung wird auf die speziellen W\u00fcnsche des Kunden hin durchgef\u00fchrt, vom Schnitt \u00fcber die Naht, die Montage des gew\u00fcnschten Modells, die von Hand gefertigte Farbe und das Finish mit Wachsen, Cremes und nat\u00fcrlichen \u00d6len, die sich seidig anf\u00fchlen und einen Effekt erzielen Antike Ledersandale, um sie einzigartig und handgemacht zu machen.<\/p>\n<p>Jede Sandale hat das Garantiezertifikat des Consorzio Vera Pelle al Vegetale.<\/p>\n","protected":false},"excerpt":{"rendered":"<p><strong>Modell:<\/strong>\u00a0Calci<br \/>\n<strong>Innensohle:<\/strong> Naturgegerbtes Leder<br \/>\n<strong>Sohle:<\/strong> naturgegebertes leder Flex<\/p>\n<p><strong>Ferse:<\/strong> Naturegeberten leder\u00a0 und gummi 10 mm<br \/>\n<strong>Obermaterial:<\/strong> naturgegebertes Leder<br \/>\n<strong>Farbe<\/strong>: Bottle Green<\/p>\n<p><span id=\"result_box\" class=\"short_text\" lang=\"de\">Erh\u00e4ltlich in 7 Tagen + Lieferung<\/span><\/p>\n","protected":false},"featured_media":3158,"comment_status":"closed","ping_status":"closed","template":"","meta":[],"product_brand":[],"product_cat":[3546,3519,3522,3531,3532,3139,3133,3965],"product_tag":[],"class_list":{"0":"post-12209","1":"product","2":"type-product","3":"status-publish","4":"has-post-thumbnail","6":"product_cat-102-d-gold-frauen","7":"product_cat-002-ferse","8":"product_cat-003-farbe","9":"product_cat-005-polsterung","10":"product_cat-006-flex-leder","11":"product_cat-gladiator-de","12":"product_cat-ledersandalen-fur-frauen-de","13":"product_cat-mod-calci-de","14":"pa_colore-amaranth-de","15":"pa_colore-antique-brown-de","16":"pa_colore-beige-de","17":"pa_colore-black-de","18":"pa_colore-blue-cobalt-de","19":"pa_colore-bottle-green-de","20":"pa_colore-cacao-de","21":"pa_colore-dark-brown-de","22":"pa_colore-gold-de","23":"pa_colore-leather-de","24":"pa_colore-lilac-de","25":"pa_colore-natural-de","26":"pa_colore-night-blue-de","27":"pa_colore-orange-de","28":"pa_colore-pink-de","29":"pa_colore-red-de","30":"pa_colore-silver-de","31":"pa_colore-stierkampf","32":"pa_colore-taupe-de","33":"pa_colore-turquoise-de","34":"pa_colore-turtledove","35":"pa_colore-violet-de","36":"pa_colore-white-de","37":"pa_colore-yellow-mustard-de","38":"pa_imbottitura-padding-de","39":"pa_taglia-groesse-34","40":"pa_taglia-groesse-35","41":"pa_taglia-groesse-36","42":"pa_taglia-groesse-37","43":"pa_taglia-groesse-38","44":"pa_taglia-groesse-39","45":"pa_taglia-groesse-40","46":"pa_taglia-groesse-41","47":"pa_taglia-groesse-42","48":"pa_taglia-groesse-43","50":"first","51":"instock","52":"taxable","53":"shipping-taxable","54":"purchasable","55":"product-type-variable"},"_links":{"self":[{"href":"https:\/\/www.mariodoni.it\/de\/wp-json\/wp\/v2\/product\/12209","targetHints":{"allow":["GET"]}}],"collection":[{"href":"https:\/\/www.mariodoni.it\/de\/wp-json\/wp\/v2\/product"}],"about":[{"href":"https:\/\/www.mariodoni.it\/de\/wp-json\/wp\/v2\/types\/product"}],"replies":[{"embeddable":true,"href":"https:\/\/www.mariodoni.it\/de\/wp-json\/wp\/v2\/comments?post=12209"}],"wp:featuredmedia":[{"embeddable":true,"href":"https:\/\/www.mariodoni.it\/de\/wp-json\/wp\/v2\/media\/3158"}],"wp:attachment":[{"href":"https:\/\/www.mariodoni.it\/de\/wp-json\/wp\/v2\/media?parent=12209"}],"wp:term":[{"taxonomy":"product_brand","embeddable":true,"href":"https:\/\/www.mariodoni.it\/de\/wp-json\/wp\/v2\/product_brand?post=12209"},{"taxonomy":"product_cat","embeddable":true,"href":"https:\/\/www.mariodoni.it\/de\/wp-json\/wp\/v2\/product_cat?post=12209"},{"taxonomy":"product_tag","embeddable":true,"href":"https:\/\/www.mariodoni.it\/de\/wp-json\/wp\/v2\/product_tag?post=12209"}],"curies":[{"name":"wp","href":"https:\/\/api.w.org\/{rel}","templated":true}]}}