{"id":12206,"date":"2016-12-08T10:42:49","date_gmt":"2016-12-08T09:42:49","guid":{"rendered":"https:\/\/www.mariodoni.it\/prodotto\/sandale-calci-frau-realisiert-von-emma\/"},"modified":"2025-11-16T11:23:12","modified_gmt":"2025-11-16T10:23:12","slug":"sandale-calci-frau-realisiert-von-emma","status":"publish","type":"product","link":"https:\/\/www.mariodoni.it\/de\/prodotto\/sandale-calci-frau-realisiert-von-emma\/","title":{"rendered":"Sandale Calci Frau realisiert von Emma"},"content":{"rendered":"<h2><span class=\"VIiyi\" lang=\"de\"><span class=\"JLqJ4b ChMk0b\" data-language-for-alternatives=\"de\" data-language-to-translate-into=\"it\" data-phrase-index=\"0\" data-number-of-phrases=\"15\">Gladiator-Sandale f\u00fcr Damen aus pflanzlich gegerbtem Leder Mod.<\/span> <span class=\"JLqJ4b ChMk0b\" data-language-for-alternatives=\"de\" data-language-to-translate-into=\"it\" data-phrase-index=\"1\" data-number-of-phrases=\"15\">Calci.<\/span><br \/>\n<\/span><\/h2>\n<p><span class=\"VIiyi\" lang=\"de\"><span class=\"JLqJ4b ChMk0b\" data-language-for-alternatives=\"de\" data-language-to-translate-into=\"it\" data-phrase-index=\"3\" data-number-of-phrases=\"15\">Damen-Ledersandalen nach Ma\u00df von Mario Doni.<\/span><\/span><\/p>\n<p>Jede Verarbeitungsstufe der Sandale wird in unserer Werkstatt durchgef\u00fchrt, um das Produkt von der Wahl der Rohstoffe, jedem Verarbeitungsschritt bis hin zu der Endbearbeitung, Verpackung und Lieferung an den Kunden zu folgen.<\/p>\n<p>Die Verarbeitung der Sandale beginnt mit dem Schneiden des Leders f\u00fcr die Sohle, Einlegesohle und Absatz und folgt mit dem Schnitt des pflanzlich gegerbten Leders f\u00fcr das Oberleder.<\/p>\n<p>Die Montage der Komponenten wird f\u00fcr jeden Kunden unter Ber\u00fccksichtigung der gew\u00fcnschten \u00c4nderungen durchgef\u00fchrt.<\/p>\n<p>Das F\u00e4rben erfolgt von Hand und das ist noch ein Grund, warum jede Sandale einzigartig ist.<\/p>\n<p>Die Fertigstellung wird mit Wachsen, Cremes und nat\u00fcrlichen \u00d6len durchgef\u00fchrt, die dem Leder einen seidigen und Antik-Effekt geben.<\/p>\n<p>Jede Sandale hat den Garantieschein des Konsortiums Pflanzlich Gegerbtes Leder.<\/p>\n","protected":false},"excerpt":{"rendered":"<p><span class=\"HwtZe\" lang=\"de\"><span class=\"jCAhz ChMk0b\"><span class=\"ryNqvb\">Damen-Ledersandale, ma\u00dfgeschneidert f\u00fcr Sie von Mario Doni.<\/span><\/span> <span class=\"jCAhz ChMk0b\"><span class=\"ryNqvb\">Gladiator-Ledersandalen f\u00fcr Damen aus pflanzlich gegerbtem Leder Mod.<\/span><\/span> <span class=\"jCAhz ChMk0b\"><span class=\"ryNqvb\">Calci.<\/span><\/span><\/span><\/p>\n<p><strong>Modell:<\/strong>\u00a0Calci<br \/>\n<strong>Innensohle:<\/strong> Naturgegerbtes Leder<br \/>\n<strong>Sohle:<\/strong> naturgegebertes leder<\/p>\n<p><strong>Ferse:<\/strong> Naturegeberten leder\u00a0 und gummi 10 mm<br \/>\n<strong>Obermaterial:<\/strong> naturgegebertes Leder<br \/>\n<strong>Farbe<\/strong>:\u00a0Leather<\/p>\n<p><span id=\"result_box\" class=\"short_text\" lang=\"de\">Erh\u00e4ltlich in 7 Tagen + Lieferung<\/span><\/p>\n","protected":false},"featured_media":3140,"comment_status":"closed","ping_status":"closed","template":"","meta":[],"product_brand":[],"product_cat":[3546,3519,3522,3531,3139,3133,3965],"product_tag":[],"class_list":{"0":"post-12206","1":"product","2":"type-product","3":"status-publish","4":"has-post-thumbnail","6":"product_cat-102-d-gold-frauen","7":"product_cat-002-ferse","8":"product_cat-003-farbe","9":"product_cat-005-polsterung","10":"product_cat-gladiator-de","11":"product_cat-ledersandalen-fur-frauen-de","12":"product_cat-mod-calci-de","13":"pa_colore-amaranth-de","14":"pa_colore-antique-brown-de","15":"pa_colore-beige-de","16":"pa_colore-black-de","17":"pa_colore-blue-cobalt-de","18":"pa_colore-bottle-green-de","19":"pa_colore-cacao-de","20":"pa_colore-dark-brown-de","21":"pa_colore-gold-de","22":"pa_colore-leather-de","23":"pa_colore-lilac-de","24":"pa_colore-natural-de","25":"pa_colore-night-blue-de","26":"pa_colore-orange-de","27":"pa_colore-pink-de","28":"pa_colore-red-de","29":"pa_colore-silver-de","30":"pa_colore-stierkampf","31":"pa_colore-taupe-de","32":"pa_colore-turquoise-de","33":"pa_colore-turtledove","34":"pa_colore-violet-de","35":"pa_colore-white-de","36":"pa_colore-yellow-mustard-de","37":"pa_imbottitura-padding-de","38":"pa_taglia-groesse-34","39":"pa_taglia-groesse-35","40":"pa_taglia-groesse-36","41":"pa_taglia-groesse-37","42":"pa_taglia-groesse-38","43":"pa_taglia-groesse-39","44":"pa_taglia-groesse-40","45":"pa_taglia-groesse-41","46":"pa_taglia-groesse-42","47":"pa_taglia-groesse-43","49":"first","50":"instock","51":"taxable","52":"shipping-taxable","53":"purchasable","54":"product-type-variable"},"_links":{"self":[{"href":"https:\/\/www.mariodoni.it\/de\/wp-json\/wp\/v2\/product\/12206","targetHints":{"allow":["GET"]}}],"collection":[{"href":"https:\/\/www.mariodoni.it\/de\/wp-json\/wp\/v2\/product"}],"about":[{"href":"https:\/\/www.mariodoni.it\/de\/wp-json\/wp\/v2\/types\/product"}],"replies":[{"embeddable":true,"href":"https:\/\/www.mariodoni.it\/de\/wp-json\/wp\/v2\/comments?post=12206"}],"wp:featuredmedia":[{"embeddable":true,"href":"https:\/\/www.mariodoni.it\/de\/wp-json\/wp\/v2\/media\/3140"}],"wp:attachment":[{"href":"https:\/\/www.mariodoni.it\/de\/wp-json\/wp\/v2\/media?parent=12206"}],"wp:term":[{"taxonomy":"product_brand","embeddable":true,"href":"https:\/\/www.mariodoni.it\/de\/wp-json\/wp\/v2\/product_brand?post=12206"},{"taxonomy":"product_cat","embeddable":true,"href":"https:\/\/www.mariodoni.it\/de\/wp-json\/wp\/v2\/product_cat?post=12206"},{"taxonomy":"product_tag","embeddable":true,"href":"https:\/\/www.mariodoni.it\/de\/wp-json\/wp\/v2\/product_tag?post=12206"}],"curies":[{"name":"wp","href":"https:\/\/api.w.org\/{rel}","templated":true}]}}