{"id":12188,"date":"2016-12-07T09:54:42","date_gmt":"2016-12-07T08:54:42","guid":{"rendered":"https:\/\/www.mariodoni.it\/prodotto\/sandale-cetona-frau-in-flexible-leder-realisiert-von-artigian\/"},"modified":"2025-11-16T11:22:03","modified_gmt":"2025-11-16T10:22:03","slug":"sandale-cetona-frau-in-flexible-leder-realisiert-von-artigian","status":"publish","type":"product","link":"https:\/\/www.mariodoni.it\/de\/prodotto\/sandale-cetona-frau-in-flexible-leder-realisiert-von-artigian\/","title":{"rendered":"Sandale Cetona Frau in flexible Leder realisiert von Artigian"},"content":{"rendered":"<h2><span class=\"VIiyi\" lang=\"de\"><span class=\"JLqJ4b ChMk0b\" data-language-for-alternatives=\"de\" data-language-to-translate-into=\"it\" data-phrase-index=\"0\" data-number-of-phrases=\"23\">Sandale aus flexiblem Leder f\u00fcr Damen mod.<\/span> <span class=\"JLqJ4b ChMk0b\" data-language-for-alternatives=\"de\" data-language-to-translate-into=\"it\" data-phrase-index=\"1\" data-number-of-phrases=\"23\">Cetona.<\/span><\/span><\/h2>\n<p><span class=\"VIiyi\" lang=\"de\"><span class=\"JLqJ4b ChMk0b\" data-language-for-alternatives=\"de\" data-language-to-translate-into=\"it\" data-phrase-index=\"3\" data-number-of-phrases=\"23\">Damen-Sklavensandalen aus pflanzlich gegerbtem Leder, von Mario Doni f\u00fcr Sie angefertigt.<\/span><\/span><\/p>\n<p>Handgemacht Sandalen aus flexiblem Leder, die Sohle und die Einlegesohle sind aus in Lauf gefettetem Leder hergestellt und mit speziellen Techniken verarbeitet, die sie langlebig, aber flexibel machen und sich f\u00fcr einen \u00e4u\u00dferst komfortablen Gebrauch eignen.<br \/>\nDas Leder, das wir verwenden, werden in der Toskana und haupts\u00e4chlich in der Provinz Pisa hergestellt, die in der Verarbeitung von Pflanzenledern eine lange Tradition hat.<br \/>\nWie alle unsere Produkte wird die Verarbeitung vollst\u00e4ndig von uns in unserem Labor durchgef\u00fchrt, um jede einzelne Phase direkt von der Materialauswahl aus zu steuern.<br \/>\nJede Verarbeitung wird auf die speziellen W\u00fcnsche des Kunden hin durchgef\u00fchrt, vom Schnitt \u00fcber die Naht, die Montage des gew\u00fcnschten Modells, die von Hand gefertigte Farbe und das Finish mit Wachsen, Cremes und nat\u00fcrlichen \u00d6len, die sich seidig anf\u00fchlen und einen Effekt erzielen Antike Ledersandale, um sie einzigartig und handgemacht zu machen.<br \/>\nJede Sandale hat das Garantiezertifikat des Consorzio Vera Pelle al Vegetale.<\/p>\n","protected":false},"excerpt":{"rendered":"<p><strong>Modell:<\/strong> Cetona<br \/>\n<strong>Innensohle:<\/strong> naturgegerbtes Leder<br \/>\n<strong>Sohle:<\/strong> naturgegebertes leder<\/p>\n<p><strong>Ferse:<\/strong> Leder 3 mm<br \/>\n<strong>Obermaterial:<\/strong> naturgegebertes Leder<br \/>\n<strong>Farbe<\/strong>: Taupe<\/p>\n<p><span id=\"result_box\" class=\"short_text\" lang=\"de\">Erh\u00e4ltlich in 7 Tagen + Lieferung<\/span><\/p>\n","protected":false},"featured_media":2975,"comment_status":"closed","ping_status":"closed","template":"","meta":[],"product_brand":[],"product_cat":[3542,3522,3532,3143,3133,3975],"product_tag":[],"class_list":{"0":"post-12188","1":"product","2":"type-product","3":"status-publish","4":"has-post-thumbnail","6":"product_cat-100-d-basic-frauen","7":"product_cat-003-farbe","8":"product_cat-006-flex-leder","9":"product_cat-franziskaner-de","10":"product_cat-ledersandalen-fur-frauen-de","11":"product_cat-mod-cetona-de","12":"pa_colore-amaranth-de","13":"pa_colore-antique-brown-de","14":"pa_colore-beige-de","15":"pa_colore-black-de","16":"pa_colore-blue-cobalt-de","17":"pa_colore-bottle-green-de","18":"pa_colore-cacao-de","19":"pa_colore-dark-brown-de","20":"pa_colore-gold-de","21":"pa_colore-leather-de","22":"pa_colore-lilac-de","23":"pa_colore-natural-de","24":"pa_colore-night-blue-de","25":"pa_colore-orange-de","26":"pa_colore-pink-de","27":"pa_colore-red-de","28":"pa_colore-silver-de","29":"pa_colore-stierkampf","30":"pa_colore-taupe-de","31":"pa_colore-turquoise-de","32":"pa_colore-turtledove","33":"pa_colore-violet-de","34":"pa_colore-white-de","35":"pa_colore-yellow-mustard-de","36":"pa_taglia-groesse-34","37":"pa_taglia-groesse-35","38":"pa_taglia-groesse-36","39":"pa_taglia-groesse-37","40":"pa_taglia-groesse-38","41":"pa_taglia-groesse-39","42":"pa_taglia-groesse-40","43":"pa_taglia-groesse-41","44":"pa_taglia-groesse-42","45":"pa_taglia-groesse-43","47":"first","48":"instock","49":"taxable","50":"shipping-taxable","51":"purchasable","52":"product-type-variable"},"_links":{"self":[{"href":"https:\/\/www.mariodoni.it\/de\/wp-json\/wp\/v2\/product\/12188","targetHints":{"allow":["GET"]}}],"collection":[{"href":"https:\/\/www.mariodoni.it\/de\/wp-json\/wp\/v2\/product"}],"about":[{"href":"https:\/\/www.mariodoni.it\/de\/wp-json\/wp\/v2\/types\/product"}],"replies":[{"embeddable":true,"href":"https:\/\/www.mariodoni.it\/de\/wp-json\/wp\/v2\/comments?post=12188"}],"wp:featuredmedia":[{"embeddable":true,"href":"https:\/\/www.mariodoni.it\/de\/wp-json\/wp\/v2\/media\/2975"}],"wp:attachment":[{"href":"https:\/\/www.mariodoni.it\/de\/wp-json\/wp\/v2\/media?parent=12188"}],"wp:term":[{"taxonomy":"product_brand","embeddable":true,"href":"https:\/\/www.mariodoni.it\/de\/wp-json\/wp\/v2\/product_brand?post=12188"},{"taxonomy":"product_cat","embeddable":true,"href":"https:\/\/www.mariodoni.it\/de\/wp-json\/wp\/v2\/product_cat?post=12188"},{"taxonomy":"product_tag","embeddable":true,"href":"https:\/\/www.mariodoni.it\/de\/wp-json\/wp\/v2\/product_tag?post=12188"}],"curies":[{"name":"wp","href":"https:\/\/api.w.org\/{rel}","templated":true}]}}