{"id":88744,"date":"2024-10-15T12:08:34","date_gmt":"2024-10-15T10:08:34","guid":{"rendered":"https:\/\/www.mariodoni.it\/?page_id=88744"},"modified":"2025-07-16T19:04:16","modified_gmt":"2025-07-16T17:04:16","slug":"groessenleitfaden","status":"publish","type":"page","link":"https:\/\/www.mariodoni.it\/de\/groessenleitfaden\/","title":{"rendered":"GR\u00d6SSENLEITFADEN"},"content":{"rendered":"\t\t<div data-elementor-type=\"wp-page\" data-elementor-id=\"88744\" class=\"elementor elementor-88744 elementor-21354\" data-elementor-post-type=\"page\">\n\t\t\t\t\t\t<div class=\"elementor-section elementor-top-section elementor-element elementor-element-59f8b29 elementor-section-stretched elementor-section-content-middle elementor-section-boxed elementor-section-height-default elementor-section-height-default\" data-id=\"59f8b29\" data-element_type=\"section\" data-e-type=\"section\" data-settings=\"{&quot;stretch_section&quot;:&quot;section-stretched&quot;,&quot;background_background&quot;:&quot;classic&quot;}\">\n\t\t\t\t\t\t<div class=\"elementor-container elementor-column-gap-no\">\n\t\t\t\t\t<div class=\"elementor-column elementor-col-50 elementor-top-column elementor-element elementor-element-8538a9e\" data-id=\"8538a9e\" data-element_type=\"column\" data-e-type=\"column\">\n\t\t\t<div class=\"elementor-widget-wrap elementor-element-populated\">\n\t\t\t\t\t\t<div class=\"elementor-element elementor-element-1cc5b92 elementor-widget elementor-widget-heading\" data-id=\"1cc5b92\" data-element_type=\"widget\" data-e-type=\"widget\" data-widget_type=\"heading.default\">\n\t\t\t\t<div class=\"elementor-widget-container\">\n\t\t\t\t\t<h1 class=\"elementor-heading-title elementor-size-default\">GR\u00d6SSENLEITFADEN<\/h1>\t\t\t\t<\/div>\n\t\t\t\t<\/div>\n\t\t\t\t<div class=\"elementor-element elementor-element-aa6667d elementor-widget__width-initial elementor-widget elementor-widget-text-editor\" data-id=\"aa6667d\" data-element_type=\"widget\" data-e-type=\"widget\" data-widget_type=\"text-editor.default\">\n\t\t\t\t<div class=\"elementor-widget-container\">\n\t\t\t\t\t\t\t\t\t<p data-start=\"102\" data-end=\"158\">Unsere Gr\u00f6\u00dfen entsprechen dem europ\u00e4ischen Gr\u00f6\u00dfensystem.<\/p><p data-start=\"160\" data-end=\"367\">Bitte beachten Sie, dass die Sohle etwa 3\u20134 mm l\u00e4nger als Ihr Fu\u00df sein sollte \u2013 sowohl an den Zehen als auch an der Ferse. \u00dcberpr\u00fcfen Sie vor dem Kauf stets die Zentimeterangabe auf der gedruckten Schablone.<\/p><p data-start=\"369\" data-end=\"524\">Laden Sie die PDF-Schablone f\u00fcr Ihre Gr\u00f6\u00dfe herunter, drucken Sie sie aus und stellen Sie Ihren Fu\u00df direkt auf die Schablone, um die Passform zu \u00fcberpr\u00fcfen.<\/p>\t\t\t\t\t\t\t\t<\/div>\n\t\t\t\t<\/div>\n\t\t\t\t\t<\/div>\n\t\t<\/div>\n\t\t\t\t<div class=\"elementor-column elementor-col-50 elementor-top-column elementor-element elementor-element-355f797\" data-id=\"355f797\" data-element_type=\"column\" data-e-type=\"column\">\n\t\t\t<div class=\"elementor-widget-wrap elementor-element-populated\">\n\t\t\t\t\t\t<div class=\"elementor-element elementor-element-42c6616 elementor-widget elementor-widget-image\" data-id=\"42c6616\" data-element_type=\"widget\" data-e-type=\"widget\" data-widget_type=\"image.default\">\n\t\t\t\t<div class=\"elementor-widget-container\">\n\t\t\t\t\t\t\t\t\t\t\t\t\t\t\t<img fetchpriority=\"high\" decoding=\"async\" width=\"585\" height=\"372\" src=\"https:\/\/www.mariodoni.it\/wp-content\/uploads\/2024\/10\/taglia.png\" class=\"attachment-large size-large wp-image-21359\" alt=\"\" \/>\t\t\t\t\t\t\t\t\t\t\t\t\t\t\t<\/div>\n\t\t\t\t<\/div>\n\t\t\t\t\t<\/div>\n\t\t<\/div>\n\t\t\t\t\t<\/div>\n\t\t<\/div>\n\t\t<div class=\"elementor-element elementor-element-ab59d83 e-grid e-con-boxed e-con e-parent\" data-id=\"ab59d83\" data-element_type=\"container\" data-e-type=\"container\">\n\t\t\t\t\t<div class=\"e-con-inner\">\n\t\t\t\t<div class=\"elementor-element elementor-element-27cf277 elementor-widget elementor-widget-heading\" data-id=\"27cf277\" data-element_type=\"widget\" data-e-type=\"widget\" data-widget_type=\"heading.default\">\n\t\t\t\t<div class=\"elementor-widget-container\">\n\t\t\t\t\t<h2 class=\"elementor-heading-title elementor-size-default\">Damensandalen<\/h2>\t\t\t\t<\/div>\n\t\t\t\t<\/div>\n\t\t\t\t<div class=\"elementor-element elementor-element-c024785 elementor-widget elementor-widget-heading\" data-id=\"c024785\" data-element_type=\"widget\" data-e-type=\"widget\" data-widget_type=\"heading.default\">\n\t\t\t\t<div class=\"elementor-widget-container\">\n\t\t\t\t\t<h2 class=\"elementor-heading-title elementor-size-default\">Herrensandalen<\/h2>\t\t\t\t<\/div>\n\t\t\t\t<\/div>\n\t\t\t\t<div class=\"elementor-element elementor-element-c1bfbe4 elementor-widget elementor-widget-heading\" data-id=\"c1bfbe4\" data-element_type=\"widget\" data-e-type=\"widget\" data-widget_type=\"heading.default\">\n\t\t\t\t<div class=\"elementor-widget-container\">\n\t\t\t\t\t<h2 class=\"elementor-heading-title elementor-size-default\">Kindersandalen<\/h2>\t\t\t\t<\/div>\n\t\t\t\t<\/div>\n\t\t\t\t\t<\/div>\n\t\t\t\t<\/div>\n\t\t<div class=\"elementor-element elementor-element-595489f e-grid e-con-boxed e-con e-parent\" data-id=\"595489f\" data-element_type=\"container\" data-e-type=\"container\">\n\t\t\t\t\t<div class=\"e-con-inner\">\n\t\t\t\t<div class=\"elementor-element elementor-element-30a2244 elementor-widget elementor-widget-text-editor\" data-id=\"30a2244\" data-element_type=\"widget\" data-e-type=\"widget\" data-widget_type=\"text-editor.default\">\n\t\t\t\t<div class=\"elementor-widget-container\">\n\t\t\t\t\t\t\t\t\t<p><a style=\"background: 0px 0px #ffffff; color: #000000; transition-duration: 0.25s; transition-property: color; cursor: pointer; font-family: 'Open Sans'; font-size: 15px; font-style: normal; font-variant-ligatures: normal; font-variant-caps: normal; font-weight: 400;\" href=\"https:\/\/www.mariodoni.it\/wp-content\/uploads\/Guida_taglie\/Donna\/35.pdf\" target=\"_blank\" rel=\"noopener noreferrer\">Schuhgr\u00f6\u00dfe 35<\/a><br style=\"padding: 0px; margin: 0px; color: #767676; font-family: 'Open Sans'; font-size: 15px;\" \/><a style=\"background: 0px 0px #ffffff; color: #000000; transition-duration: 0.25s; transition-property: color; cursor: pointer; font-family: 'Open Sans'; font-size: 15px; font-style: normal; font-variant-ligatures: normal; font-variant-caps: normal; font-weight: 400;\" href=\"https:\/\/www.mariodoni.it\/wp-content\/uploads\/Guida_taglie\/Donna\/36.pdf\" target=\"_blank\" rel=\"noopener noreferrer\">Schuhgr\u00f6\u00dfe 36<\/a><br style=\"padding: 0px; margin: 0px; color: #767676; font-family: 'Open Sans'; font-size: 15px;\" \/><a style=\"background: 0px 0px #ffffff; color: #000000; transition-duration: 0.25s; transition-property: color; cursor: pointer; font-family: 'Open Sans'; font-size: 15px; font-style: normal; font-variant-ligatures: normal; font-variant-caps: normal; font-weight: 400;\" href=\"https:\/\/www.mariodoni.it\/wp-content\/uploads\/Guida_taglie\/Donna\/37.pdf\" target=\"_blank\" rel=\"noopener noreferrer\">Schuhgr\u00f6\u00dfe 37<\/a><br style=\"padding: 0px; margin: 0px; color: #767676; font-family: 'Open Sans'; font-size: 15px;\" \/><a style=\"background: 0px 0px #ffffff; color: #000000; transition-duration: 0.25s; transition-property: color; cursor: pointer; font-family: 'Open Sans'; font-size: 15px; font-style: normal; font-variant-ligatures: normal; font-variant-caps: normal; font-weight: 400;\" href=\"https:\/\/www.mariodoni.it\/wp-content\/uploads\/Guida_taglie\/Donna\/38.pdf\" target=\"_blank\" rel=\"noopener noreferrer\">Schuhgr\u00f6\u00dfe 38<\/a><br style=\"padding: 0px; margin: 0px; color: #767676; font-family: 'Open Sans'; font-size: 15px;\" \/><a style=\"background: 0px 0px #ffffff; color: #000000; transition-duration: 0.25s; transition-property: color; cursor: pointer; font-family: 'Open Sans'; font-size: 15px; font-style: normal; font-variant-ligatures: normal; font-variant-caps: normal; font-weight: 400;\" href=\"https:\/\/www.mariodoni.it\/wp-content\/uploads\/Guida_taglie\/Donna\/39.pdf\" target=\"_blank\" rel=\"noopener noreferrer\">Schuhgr\u00f6\u00dfe 39<\/a><br style=\"padding: 0px; margin: 0px; color: #767676; font-family: 'Open Sans'; font-size: 15px;\" \/><a style=\"background: 0px 0px #ffffff; color: #000000; transition-duration: 0.25s; transition-property: color; cursor: pointer; font-family: 'Open Sans'; font-size: 15px; font-style: normal; font-variant-ligatures: normal; font-variant-caps: normal; font-weight: 400;\" href=\"https:\/\/www.mariodoni.it\/wp-content\/uploads\/Guida_taglie\/Donna\/40.pdf\" target=\"_blank\" rel=\"noopener noreferrer\">Schuhgr\u00f6\u00dfe 40<\/a><br style=\"padding: 0px; margin: 0px; color: #767676; font-family: 'Open Sans'; font-size: 15px;\" \/><a style=\"background: 0px 0px #ffffff; color: #000000; transition-duration: 0.25s; transition-property: color; cursor: pointer; font-family: 'Open Sans'; font-size: 15px; font-style: normal; font-variant-ligatures: normal; font-variant-caps: normal; font-weight: 400;\" href=\"https:\/\/www.mariodoni.it\/wp-content\/uploads\/Guida_taglie\/Donna\/41.pdf\" target=\"_blank\" rel=\"noopener noreferrer\">Schuhgr\u00f6\u00dfe 41<\/a><br style=\"padding: 0px; margin: 0px; color: #767676; font-family: 'Open Sans'; font-size: 15px;\" \/><a style=\"background: 0px 0px #ffffff; color: #000000; transition-duration: 0.25s; transition-property: color; cursor: pointer; font-family: 'Open Sans'; font-size: 15px; font-style: normal; font-variant-ligatures: normal; font-variant-caps: normal; font-weight: 400;\" href=\"https:\/\/www.mariodoni.it\/wp-content\/uploads\/Guida_taglie\/Donna\/42.pdf\" target=\"_blank\" rel=\"noopener noreferrer\">Schuhgr\u00f6\u00dfe 42<\/a><br style=\"padding: 0px; margin: 0px; color: #767676; font-family: 'Open Sans'; font-size: 15px;\" \/><a style=\"background: 0px 0px #ffffff; color: #000000; transition-duration: 0.25s; transition-property: color; cursor: pointer; font-family: 'Open Sans'; font-size: 15px; font-style: normal; font-variant-ligatures: normal; font-variant-caps: normal; font-weight: 400;\" href=\"https:\/\/www.mariodoni.it\/wp-content\/uploads\/Guida_taglie\/Donna\/43.pdf\" target=\"_blank\" rel=\"noopener noreferrer\">Schuhgr\u00f6\u00dfe 43<\/a><\/p>\t\t\t\t\t\t\t\t<\/div>\n\t\t\t\t<\/div>\n\t\t\t\t<div class=\"elementor-element elementor-element-cf9fef4 elementor-widget elementor-widget-text-editor\" data-id=\"cf9fef4\" data-element_type=\"widget\" data-e-type=\"widget\" data-widget_type=\"text-editor.default\">\n\t\t\t\t<div class=\"elementor-widget-container\">\n\t\t\t\t\t\t\t\t\t<p><a href=\"https:\/\/www.mariodoni.it\/wp-content\/uploads\/Guida_taglie\/Uomo\/37.pdf\" target=\"_blank\" rel=\"noopener noreferrer\">Schuhgr\u00f6\u00dfe 37<\/a><br \/><a href=\"https:\/\/www.mariodoni.it\/wp-content\/uploads\/Guida_taglie\/Uomo\/38.pdf\" target=\"_blank\" rel=\"noopener noreferrer\">Schuhgr\u00f6\u00dfe 38<\/a><br \/><a href=\"https:\/\/www.mariodoni.it\/wp-content\/uploads\/Guida_taglie\/Uomo\/39.pdf\" target=\"_blank\" rel=\"noopener noreferrer\">Schuhgr\u00f6\u00dfe 39<\/a><br \/><a href=\"https:\/\/www.mariodoni.it\/wp-content\/uploads\/Guida_taglie\/Uomo\/40.pdf\" target=\"_blank\" rel=\"noopener noreferrer\">Schuhgr\u00f6\u00dfe 40<\/a><br \/><a href=\"https:\/\/www.mariodoni.it\/wp-content\/uploads\/Guida_taglie\/Uomo\/41.pdf\" target=\"_blank\" rel=\"noopener noreferrer\">Schuhgr\u00f6\u00dfe 41<\/a><br \/><a href=\"https:\/\/www.mariodoni.it\/wp-content\/uploads\/Guida_taglie\/Uomo\/42.pdf\" target=\"_blank\" rel=\"noopener noreferrer\">Schuhgr\u00f6\u00dfe 42<\/a><br \/><a href=\"https:\/\/www.mariodoni.it\/wp-content\/uploads\/Guida_taglie\/Uomo\/43.pdf\" target=\"_blank\" rel=\"noopener noreferrer\">Schuhgr\u00f6\u00dfe 43<\/a><br \/><a href=\"https:\/\/www.mariodoni.it\/wp-content\/uploads\/Guida_taglie\/Uomo\/44.pdf\" target=\"_blank\" rel=\"noopener noreferrer\">Schuhgr\u00f6\u00dfe 44<\/a><br \/><a href=\"https:\/\/www.mariodoni.it\/wp-content\/uploads\/Guida_taglie\/Uomo\/45.pdf\" target=\"_blank\" rel=\"noopener noreferrer\">Schuhgr\u00f6\u00dfe 45<\/a><br \/><a href=\"https:\/\/www.mariodoni.it\/wp-content\/uploads\/Guida_taglie\/Uomo\/46.pdf\" target=\"_blank\" rel=\"noopener noreferrer\">Schuhgr\u00f6\u00dfe 46<\/a><br \/><a href=\"https:\/\/www.mariodoni.it\/wp-content\/uploads\/Guida_taglie\/Uomo\/47.pdf\" target=\"_blank\" rel=\"noopener noreferrer\">Schuhgr\u00f6\u00dfe 47<\/a><br \/><a href=\"https:\/\/www.mariodoni.it\/wp-content\/uploads\/Guida_taglie\/Uomo\/48.pdf\" target=\"_blank\" rel=\"noopener noreferrer\">Schuhgr\u00f6\u00dfe 48<\/a><\/p>\t\t\t\t\t\t\t\t<\/div>\n\t\t\t\t<\/div>\n\t\t\t\t<div class=\"elementor-element elementor-element-5370e75 elementor-widget elementor-widget-text-editor\" data-id=\"5370e75\" data-element_type=\"widget\" data-e-type=\"widget\" data-widget_type=\"text-editor.default\">\n\t\t\t\t<div class=\"elementor-widget-container\">\n\t\t\t\t\t\t\t\t\t<p><a href=\"https:\/\/www.mariodoni.it\/wp-content\/uploads\/Guida_taglie\/Bambino\/24.pdf\" target=\"_blank\" rel=\"noopener noreferrer\">Schuhgr\u00f6\u00dfe 24<\/a><br \/><a href=\"https:\/\/www.mariodoni.it\/wp-content\/uploads\/Guida_taglie\/Bambino\/25.pdf\" target=\"_blank\" rel=\"noopener noreferrer\">Schuhgr\u00f6\u00dfe 25<\/a><br \/><a href=\"https:\/\/www.mariodoni.it\/wp-content\/uploads\/Guida_taglie\/Bambino\/26.pdf\" target=\"_blank\" rel=\"noopener noreferrer\">Schuhgr\u00f6\u00dfe 26<\/a><br \/><a href=\"https:\/\/www.mariodoni.it\/wp-content\/uploads\/Guida_taglie\/Bambino\/27.pdf\" target=\"_blank\" rel=\"noopener noreferrer\">Schuhgr\u00f6\u00dfe 27<\/a><br \/><a href=\"https:\/\/www.mariodoni.it\/wp-content\/uploads\/Guida_taglie\/Bambino\/28.pdf\" target=\"_blank\" rel=\"noopener noreferrer\">Schuhgr\u00f6\u00dfe 28<\/a><br \/><a href=\"https:\/\/www.mariodoni.it\/wp-content\/uploads\/Guida_taglie\/Bambino\/29.pdf\" target=\"_blank\" rel=\"noopener noreferrer\">Schuhgr\u00f6\u00dfe 29<\/a><br \/><a href=\"https:\/\/www.mariodoni.it\/wp-content\/uploads\/Guida_taglie\/Bambino\/30.pdf\" target=\"_blank\" rel=\"noopener noreferrer\">Schuhgr\u00f6\u00dfe 30<\/a><br \/><a href=\"https:\/\/www.mariodoni.it\/wp-content\/uploads\/Guida_taglie\/Bambino\/31.pdf\" target=\"_blank\" rel=\"noopener noreferrer\">Schuhgr\u00f6\u00dfe 31<\/a><br \/><a href=\"https:\/\/www.mariodoni.it\/wp-content\/uploads\/Guida_taglie\/Bambino\/32.pdf\" target=\"_blank\" rel=\"noopener noreferrer\">Schuhgr\u00f6\u00dfe 32<\/a><br \/><a href=\"https:\/\/www.mariodoni.it\/wp-content\/uploads\/Guida_taglie\/Bambino\/33.pdf\" target=\"_blank\" rel=\"noopener noreferrer\">Schuhgr\u00f6\u00dfe 33<\/a><br \/><a href=\"https:\/\/www.mariodoni.it\/wp-content\/uploads\/Guida_taglie\/Bambino\/34.pdf\" target=\"_blank\" rel=\"noopener noreferrer\">Schuhgr\u00f6\u00dfe 34<\/a><\/p>\t\t\t\t\t\t\t\t<\/div>\n\t\t\t\t<\/div>\n\t\t\t\t\t<\/div>\n\t\t\t\t<\/div>\n\t\t\t\t<\/div>\n\t\t","protected":false},"excerpt":{"rendered":"<p>GR\u00d6SSENLEITFADEN Unsere Gr\u00f6\u00dfen entsprechen dem europ\u00e4ischen Gr\u00f6\u00dfensystem. Bitte beachten Sie, dass die Sohle etwa 3\u20134 mm l\u00e4nger als Ihr Fu\u00df sein sollte \u2013 sowohl an den Zehen als auch an der Ferse. \u00dcberpr\u00fcfen Sie vor dem Kauf [&hellip;]<\/p>\n","protected":false},"author":2740,"featured_media":0,"parent":0,"menu_order":0,"comment_status":"closed","ping_status":"closed","template":"","meta":{"footnotes":""},"class_list":["post-88744","page","type-page","status-publish","hentry"],"_links":{"self":[{"href":"https:\/\/www.mariodoni.it\/de\/wp-json\/wp\/v2\/pages\/88744","targetHints":{"allow":["GET"]}}],"collection":[{"href":"https:\/\/www.mariodoni.it\/de\/wp-json\/wp\/v2\/pages"}],"about":[{"href":"https:\/\/www.mariodoni.it\/de\/wp-json\/wp\/v2\/types\/page"}],"author":[{"embeddable":true,"href":"https:\/\/www.mariodoni.it\/de\/wp-json\/wp\/v2\/users\/2740"}],"replies":[{"embeddable":true,"href":"https:\/\/www.mariodoni.it\/de\/wp-json\/wp\/v2\/comments?post=88744"}],"version-history":[{"count":0,"href":"https:\/\/www.mariodoni.it\/de\/wp-json\/wp\/v2\/pages\/88744\/revisions"}],"wp:attachment":[{"href":"https:\/\/www.mariodoni.it\/de\/wp-json\/wp\/v2\/media?parent=88744"}],"curies":[{"name":"wp","href":"https:\/\/api.w.org\/{rel}","templated":true}]}}