{"id":87612,"date":"2025-06-25T09:01:19","date_gmt":"2025-06-25T07:01:19","guid":{"rendered":"https:\/\/www.mariodoni.it\/?page_id=87612"},"modified":"2026-02-17T18:10:23","modified_gmt":"2026-02-17T17:10:23","slug":"sitemap","status":"publish","type":"page","link":"https:\/\/www.mariodoni.it\/de\/sitemap\/","title":{"rendered":"Sitemap"},"content":{"rendered":"\t\t<div data-elementor-type=\"wp-page\" data-elementor-id=\"87612\" class=\"elementor elementor-87612 elementor-87578\" data-elementor-post-type=\"page\">\n\t\t\t\t<div class=\"elementor-element elementor-element-e02d6c8 e-flex e-con-boxed e-con e-parent\" data-id=\"e02d6c8\" data-element_type=\"container\" data-e-type=\"container\">\n\t\t\t\t\t<div class=\"e-con-inner\">\n\t\t\t\t<div class=\"elementor-element elementor-element-5a1ef9d elementor-widget elementor-widget-text-editor\" data-id=\"5a1ef9d\" data-element_type=\"widget\" data-e-type=\"widget\" data-widget_type=\"text-editor.default\">\n\t\t\t\t<div class=\"elementor-widget-container\">\n\t\t\t\t\t\t\t\t\t<ul><li><a href=\"https:\/\/www.mariodoni.it\/de\/\">Home<\/a><ul><li><a href=\"https:\/\/www.mariodoni.it\/de\/build-your-own-sandal\/\">Build Ihr Sandal<\/a><ul><li><a href=\"https:\/\/www.mariodoni.it\/de\/build-ihr-sandal-herr-de\/\">Build Ihr Sandal \u2013 Frau<\/a><\/li><li><a href=\"https:\/\/www.mariodoni.it\/de\/build-ihr-sandal-herr\/\">Build Ihr Sandal \u2013 Herr<\/a><\/li><\/ul><\/li><li><a href=\"https:\/\/www.mariodoni.it\/de\/shop\/\">Shop<\/a><ul><li>Frau<ul><li><a href=\"https:\/\/www.mariodoni.it\/de\/produkt-kategorie\/ledersandalen-fur-frauen-de\/slipper-sandale\/\">Slipper Sandale<\/a><\/li><li><a href=\"https:\/\/www.mariodoni.it\/de\/produkt-kategorie\/ledersandalen-fur-frauen-de\/flip-flops-de\/\">Damen-Flip-Flop-Sandalen<\/a><\/li><li><a href=\"https:\/\/www.mariodoni.it\/de\/produkt-kategorie\/ledersandalen-fur-frauen-de\/gladiator-de\/\">Gladiator<\/a><\/li><li><a href=\"https:\/\/www.mariodoni.it\/de\/produkt-kategorie\/ledersandalen-fur-frauen-de\/franziskaner-de\/\">Franziskaner<\/a><\/li><\/ul><\/li><li>Mann<ul><li><a href=\"https:\/\/www.mariodoni.it\/de\/produkt-kategorie\/mann\/ledersandalen-fur-manner-de\/slipper-sandale-de\/\">Slipper Sandale<\/a><\/li><li><a href=\"https:\/\/www.mariodoni.it\/de\/produkt-kategorie\/mann\/ledersandalen-fur-manner-de\/flip-flops-de-2\/\">Flip Flops<\/a><\/li><li><a href=\"https:\/\/www.mariodoni.it\/de\/produkt-kategorie\/mann\/ledersandalen-fur-manner-de\/gladiator-de-2\/\">Gladiator<\/a><\/li><li><a href=\"https:\/\/www.mariodoni.it\/de\/produkt-kategorie\/mann\/ledersandalen-fur-manner-de\/franziskaner-de-2\/\">Franziskaner<\/a><\/li><li><a href=\"https:\/\/www.mariodoni.it\/de\/produkt-kategorie\/mann\/ledersandalen-fur-manner-de\/handgefertigte-barefussandalen-de\/\">Handgefertigte Barefu\u00dfsandalen<\/a><\/li><\/ul><\/li><li><a href=\"https:\/\/www.mariodoni.it\/de\/produkt-kategorie\/kindersandalen-aus-leder-de\/\">Kindersandalen aus Leder<\/a><\/li><li>Clogs<ul><li><a href=\"https:\/\/www.mariodoni.it\/de\/produkt-kategorie\/clogs-fur-frauen-de\/\">Clogs f\u00fcr Frauen<\/a><\/li><li><a href=\"https:\/\/www.mariodoni.it\/de\/produkt-kategorie\/herr-clogs-de\/\">Herr Clogs<\/a><\/li><\/ul><\/li><li>Lederwaren<ul><li><a href=\"https:\/\/www.mariodoni.it\/de\/produkt-kategorie\/gurtel-de\/\">Gurtel<\/a><\/li><li><a href=\"https:\/\/www.mariodoni.it\/de\/produkt-kategorie\/geldborsen-und-schlusselanhanger-de\/\">Geldb\u00f6rsen und Schl\u00fcsselanh\u00e4nger<\/a><\/li><li><a href=\"https:\/\/www.mariodoni.it\/de\/produkt-kategorie\/hosentrager\/\">Hosentr\u00e4ger<\/a><\/li><li><a href=\"https:\/\/www.mariodoni.it\/de\/produkt-kategorie\/orthesen-und-einlegesohlen\/\">Orthesen und Einlegesohlen<\/a><\/li><\/ul><\/li><li><a href=\"https:\/\/www.mariodoni.it\/de\/produkt-kategorie\/lederschmuck\/\">Lederschmuck<\/a><\/li><\/ul><\/li><li><a href=\"https:\/\/www.mariodoni.it\/de\/chi-siamo\/\"> \u00dcber uns<\/a><\/li><li><a href=\"https:\/\/www.mariodoni.it\/de\/mario-doni-green\/\">Mario Doni \u2013 Gr\u00fcn<\/a><\/li><li><a href=\"https:\/\/www.mariodoni.it\/de\/materiali\/\">Materialien<\/a><\/li><li><a href=\"https:\/\/www.mariodoni.it\/de\/lavorazioni\/\">Verarbeitungen<\/a><\/li><li><a href=\"https:\/\/www.mariodoni.it\/de\/inviaci-la-tua-foto\/\">Deine Bilder<\/a><\/li><li><a href=\"https:\/\/www.mariodoni.it\/de\/blog\/\">Blog<\/a><ul><li><a href=\"https:\/\/www.mariodoni.it\/de\/von-der-toskana-zu-ihren-fuessen-die-geschichte-einer-handwerklichen-leidenschaft\/\">Von der Toskana bis zu Ihren F\u00fc\u00dfen: handwerkliche Leidenschaft<\/a><\/li><li><a href=\"https:\/\/www.mariodoni.it\/de\/dieser-jahresbeginn-ist-bemerkenswert\/\">Dieser Jahresbeginn ist bemerkenswert<\/a><\/li><li><a href=\"https:\/\/www.mariodoni.it\/de\/wir-praesentieren-die-linie-der-alte-toskana-ledersandalen\/\">Wir pr\u00e4sentieren die Linie der Alte Toskana Ledersandalen<\/a><\/li><li><a href=\"https:\/\/www.mariodoni.it\/de\/siamo-le-scelte-che-facciamo-moda-sostenibile-3\/\">Wir sind die Entscheidungen, die wir treffen \u2013 Nachhaltige Mode<\/a><\/li><li><a href=\"https:\/\/www.mariodoni.it\/de\/diese-weihnachten-2020\/\">DIESE WEIHNACHTEN 2020<\/a><\/li><li><a href=\"https:\/\/www.mariodoni.it\/de\/wir-brauchen-zeit\/\">Wir brauchen Zeit<\/a><\/li><li><a href=\"https:\/\/www.mariodoni.it\/de\/nein-zu-fast-fashion\/\">Nein zu Fast Fashion!<\/a><\/li><li><a href=\"https:\/\/www.mariodoni.it\/de\/sandalen-in-der-geschichte\/\">Sandalen in der Geschichte<\/a><\/li><li><a href=\"https:\/\/www.mariodoni.it\/de\/originelle-geschenkideen-aus-leder-zu-weihnachten-2018\/\">Originelle Geschenkideen aus Leder zu Weihnachten 2018<\/a><\/li><li><a href=\"https:\/\/www.mariodoni.it\/de\/die-schuhe-ich-erstelle-sie-wie-ich-will\/\">Die Schuhe? Ich erstelle sie wie ich will<\/a><\/li><li><a href=\"https:\/\/www.mariodoni.it\/de\/hosentrager-wie-man-sie-wahlt-und-wie-man-sie-fur-ein-tadelloses-aussehen-kombiniert\/\">Hosentr\u00e4ger: wie man sie w\u00e4hlt und wie man sie f\u00fcr ein tadelloses Aussehen kombiniert<\/a><\/li><li><a href=\"https:\/\/www.mariodoni.it\/de\/wie-wahlt-man-die-besten-zubehor-und-lederwaren-aus\/\">Wie w\u00e4hlt man die besten Zubeh\u00f6r und Lederwaren aus<\/a><\/li><li><a href=\"https:\/\/www.mariodoni.it\/de\/die-kinder-sandalen-fur-den-sommer-2018\/\">Die Kinder Sandalen f\u00fcr den Sommer 2018<\/a><\/li><li><a href=\"https:\/\/www.mariodoni.it\/de\/leder-anderer-zeiten\/\">Leder anderer Zeiten<\/a><\/li><li><a href=\"https:\/\/www.mariodoni.it\/de\/herren-und-frauen-holzclogs-fuer-den-sommer-2018\/\">Herren Und Frauen Holzclogs f\u00fcr den Sommer 2018<\/a><\/li><li><a href=\"https:\/\/www.mariodoni.it\/de\/herren-sandalen-und-clogs-fur-sommer-2018\/\">Herren Sandalen und Clogs f\u00fcr Sommer 2018<\/a><\/li><li><a href=\"https:\/\/www.mariodoni.it\/de\/frauen-sandalen-fur-sommer-2018\/\">Frauen Sandalen fur Sommer 2018<\/a><\/li><li><a href=\"https:\/\/www.mariodoni.it\/de\/die-sandalen-des-sommers-2018-die-neue-kollektion-mario-doni\/\">Die Sandalen des Sommers 2018: Die neue Kollektion Mario Doni<\/a><\/li><li><a href=\"https:\/\/www.mariodoni.it\/de\/interview-mit-einem-kunden\/\">Interview mit einem Kunden<\/a><\/li><li><a href=\"https:\/\/www.mariodoni.it\/de\/nicht-nur-eine-mode-die-barefooting\/\">Nicht nur eine Mode: die Barefooting<\/a><\/li><\/ul><\/li><\/ul><ul><li><a href=\"https:\/\/www.mariodoni.it\/de\/kontaktiere-uns\/\">Kontaktiere uns<\/a><\/li><li><a href=\"https:\/\/www.mariodoni.it\/de\/consegna-pagamento-recesso\/\">Liefrung, Bezahlung, R\u00fccktritt<\/a><\/li><li><a href=\"https:\/\/www.mariodoni.it\/de\/spedizione\/\">Liefrung<\/a><\/li><li><a href=\"https:\/\/www.mariodoni.it\/de\/spedizione\/\">Gr\u00f6ssenleitfaden<\/a><\/li><li><a href=\"https:\/\/www.mariodoni.it\/de\/hypoallergen\/\">Hypoallergen<\/a><\/li><\/ul><\/li><\/ul>\t\t\t\t\t\t\t\t<\/div>\n\t\t\t\t<\/div>\n\t\t\t\t\t<\/div>\n\t\t\t\t<\/div>\n\t\t\t\t<\/div>\n\t\t","protected":false},"excerpt":{"rendered":"<p>Home Build Ihr Sandal Build Ihr Sandal \u2013 Frau Build Ihr Sandal \u2013 Herr Shop Frau Slipper Sandale Damen-Flip-Flop-Sandalen Gladiator Franziskaner Mann Slipper Sandale Flip Flops Gladiator Franziskaner Handgefertigte Barefu\u00dfsandalen Kindersandalen aus Leder Clogs Clogs f\u00fcr Frauen [&hellip;]<\/p>\n","protected":false},"author":2751,"featured_media":0,"parent":0,"menu_order":0,"comment_status":"closed","ping_status":"closed","template":"","meta":{"footnotes":""},"class_list":["post-87612","page","type-page","status-publish","hentry"],"_links":{"self":[{"href":"https:\/\/www.mariodoni.it\/de\/wp-json\/wp\/v2\/pages\/87612","targetHints":{"allow":["GET"]}}],"collection":[{"href":"https:\/\/www.mariodoni.it\/de\/wp-json\/wp\/v2\/pages"}],"about":[{"href":"https:\/\/www.mariodoni.it\/de\/wp-json\/wp\/v2\/types\/page"}],"author":[{"embeddable":true,"href":"https:\/\/www.mariodoni.it\/de\/wp-json\/wp\/v2\/users\/2751"}],"replies":[{"embeddable":true,"href":"https:\/\/www.mariodoni.it\/de\/wp-json\/wp\/v2\/comments?post=87612"}],"version-history":[{"count":0,"href":"https:\/\/www.mariodoni.it\/de\/wp-json\/wp\/v2\/pages\/87612\/revisions"}],"wp:attachment":[{"href":"https:\/\/www.mariodoni.it\/de\/wp-json\/wp\/v2\/media?parent=87612"}],"curies":[{"name":"wp","href":"https:\/\/api.w.org\/{rel}","templated":true}]}}