{"id":81748,"date":"2024-11-07T12:41:36","date_gmt":"2024-11-07T11:41:36","guid":{"rendered":"https:\/\/www.mariodoni.it\/consegna-pagamento-recesso\/"},"modified":"2024-11-07T15:06:51","modified_gmt":"2024-11-07T14:06:51","slug":"consegna-pagamento-recesso","status":"publish","type":"page","link":"https:\/\/www.mariodoni.it\/de\/consegna-pagamento-recesso\/","title":{"rendered":"Liefrung, Bezahlung, R\u00fccktritt"},"content":{"rendered":"\t\t<div data-elementor-type=\"wp-page\" data-elementor-id=\"81748\" class=\"elementor elementor-81748 elementor-81738\" data-elementor-post-type=\"page\">\n\t\t\t\t<div class=\"elementor-element elementor-element-5ecfbc9 e-flex e-con-boxed e-con e-parent\" data-id=\"5ecfbc9\" data-element_type=\"container\" data-e-type=\"container\">\n\t\t\t\t\t<div class=\"e-con-inner\">\n\t\t\t\t<div class=\"elementor-element elementor-element-1bfd54f elementor-widget elementor-widget-heading\" data-id=\"1bfd54f\" data-element_type=\"widget\" data-e-type=\"widget\" data-widget_type=\"heading.default\">\n\t\t\t\t<div class=\"elementor-widget-container\">\n\t\t\t\t\t<h2 class=\"elementor-heading-title elementor-size-default\"><h2 style=\"margin-bottom: 10px;font-family: Lora, Georgia, sans-serif;font-weight: 400;font-size: 30px;text-transform: uppercase;font-style: normal;letter-spacing: normal\">DER PREIS<span style=\"color: var(--theme-heading-font-color);font-family: var(--theme-heading-font-family);font-size: 6rem;font-weight: var(--theme-heading-font-weight);letter-spacing: -1px;text-align: var(--text-align);background-color: var(--theme-body-bg-color)\"><\/span><\/h2><\/h2>\t\t\t\t<\/div>\n\t\t\t\t<\/div>\n\t\t\t\t<div class=\"elementor-element elementor-element-0098e4e elementor-widget elementor-widget-text-editor\" data-id=\"0098e4e\" data-element_type=\"widget\" data-e-type=\"widget\" data-widget_type=\"text-editor.default\">\n\t\t\t\t<div class=\"elementor-widget-container\">\n\t\t\t\t\t\t\t\t\t<p style=\"margin-bottom: 20px; color: #767676; line-height: 1.8; font-family: 'Open Sans'; font-size: 15px; font-style: normal; font-variant-ligatures: normal; font-variant-caps: normal; font-weight: 400;\">\u00a0<\/p><p style=\"margin-bottom: 20px; color: #767676; line-height: 1.8; font-family: 'Open Sans'; font-size: 15px; font-style: normal; font-variant-ligatures: normal; font-variant-caps: normal; font-weight: 400;\">H\u00e4ngt Der Preis dieser Produkte von Ihrer besonderen Anpassung ab, der grundlegende Preis ist das Sandelholz \u201cdas ganze Leder\u201d wird vor Ihrer Anpassung nicht gef\u00e4rbt.<\/p><p style=\"margin-bottom: 20px; color: #767676; line-height: 1.8; font-family: 'Open Sans'; font-size: 15px; font-style: normal; font-variant-ligatures: normal; font-variant-caps: normal; font-weight: 400;\">H\u00f6her wird Ihnen die Schwankungen gegeben, die Sie f\u00fcr ungef\u00e4hr einen zus\u00e4tzlichen abh\u00e4ngig vom Typ der Schwankung w\u00e4hlen k\u00f6nnen.<\/p><p style=\"margin-bottom: 20px; color: #767676; line-height: 1.8; font-family: 'Open Sans'; font-size: 15px; font-style: normal; font-variant-ligatures: normal; font-variant-caps: normal; font-weight: 400;\"><span style=\"font-family: 'Open Sans'; font-size: 15px; font-style: normal; font-variant-ligatures: normal; font-variant-caps: normal; font-weight: 400; text-align: var(--text-align); background-color: var(--theme-body-bg-color);\">sollen Preise als einschlie\u00dflich der MWSt verstanden werden<\/span>.<\/p>\t\t\t\t\t\t\t\t<\/div>\n\t\t\t\t<\/div>\n\t\t\t\t\t<\/div>\n\t\t\t\t<\/div>\n\t\t<div class=\"elementor-element elementor-element-417b1b2 e-flex e-con-boxed e-con e-parent\" data-id=\"417b1b2\" data-element_type=\"container\" data-e-type=\"container\">\n\t\t\t\t\t<div class=\"e-con-inner\">\n\t\t\t\t<div class=\"elementor-element elementor-element-c115690 elementor-widget elementor-widget-heading\" data-id=\"c115690\" data-element_type=\"widget\" data-e-type=\"widget\" data-widget_type=\"heading.default\">\n\t\t\t\t<div class=\"elementor-widget-container\">\n\t\t\t\t\t<h2 class=\"elementor-heading-title elementor-size-default\"><span style=\"font-family: Lora, Georgia, sans-serif;font-size: 30px;font-style: normal;font-weight: 400;letter-spacing: normal;text-transform: uppercase;text-align: var(--text-align);background-color: var(--theme-body-bg-color)\">VERBRAUCH\/\u00dcBERGABE<\/span><span style=\"color: var(--theme-heading-font-color);font-family: var(--theme-heading-font-family);font-size: 6rem;font-weight: var(--theme-heading-font-weight);text-align: var(--text-align);background-color: var(--theme-body-bg-color)\"><\/span><br><\/h2>\t\t\t\t<\/div>\n\t\t\t\t<\/div>\n\t\t\t\t<div class=\"elementor-element elementor-element-78def85 elementor-widget elementor-widget-text-editor\" data-id=\"78def85\" data-element_type=\"widget\" data-e-type=\"widget\" data-widget_type=\"text-editor.default\">\n\t\t\t\t<div class=\"elementor-widget-container\">\n\t\t\t\t\t\t\t\t\t<p style=\"margin-bottom: 20px; color: #767676; line-height: 1.8; font-family: 'Open Sans'; font-size: 15px; font-style: normal; font-variant-ligatures: normal; font-variant-caps: normal; font-weight: 400;\"><span style=\"font-family: 'Open Sans'; font-size: 15px; font-style: normal; font-variant-ligatures: normal; font-variant-caps: normal; font-weight: 400; text-align: var(--text-align); background-color: var(--theme-body-bg-color);\">Wird Der Transport vom Boten gemacht in dieser Beziehung ist wichtig, die ganze Kontakt-Information einschlie\u00dflich des Telefons zu verlassen, wenn der Bote scheitert, das Paket auf dem ersten Versuch zu liefern.<\/span><\/p><p><span style=\"color: #767676; font-family: 'Open Sans'; font-size: 15px; font-style: normal; font-variant-ligatures: normal; font-variant-caps: normal; font-weight: 400;\">Sind Die Kosten der \u00dcbergabe 7 Euro f\u00fcr jede \u00dcbergabe (die Schiffskosten werden befestigt: f\u00fcr Ordnungen mit vielfachen Produkten, so kostbare 7 Euro).<\/span><br style=\"padding: 0px; margin: 0px; color: #767676; font-family: 'Open Sans'; font-size: 15px;\" \/><span style=\"color: #767676; font-family: 'Open Sans'; font-size: 15px; font-style: normal; font-variant-ligatures: normal; font-variant-caps: normal; font-weight: 400;\">Sind Lieferfristen allgemein innerhalb 48 Stunden abh\u00e4ngig vom Platz der \u00dcbergabe, Sie sollten immer die Zeit seit dem Geb\u00e4ude von personifizierten Produkten in Betracht ziehen.<\/span><\/p>\t\t\t\t\t\t\t\t<\/div>\n\t\t\t\t<\/div>\n\t\t\t\t\t<\/div>\n\t\t\t\t<\/div>\n\t\t<div class=\"elementor-element elementor-element-b40e4f9 e-flex e-con-boxed e-con e-parent\" data-id=\"b40e4f9\" data-element_type=\"container\" data-e-type=\"container\">\n\t\t\t\t\t<div class=\"e-con-inner\">\n\t\t\t\t<div class=\"elementor-element elementor-element-c9ae79e elementor-widget elementor-widget-heading\" data-id=\"c9ae79e\" data-element_type=\"widget\" data-e-type=\"widget\" data-widget_type=\"heading.default\">\n\t\t\t\t<div class=\"elementor-widget-container\">\n\t\t\t\t\t<h2 class=\"elementor-heading-title elementor-size-default\"><span style=\"font-family: Lora, Georgia, sans-serif;font-size: 30px;font-style: normal;font-weight: 400;letter-spacing: normal;text-transform: uppercase;text-align: var(--text-align);background-color: var(--theme-body-bg-color)\">ZAHLUNGSTYPEN<\/span><span style=\"color: var(--theme-heading-font-color);font-family: var(--theme-heading-font-family);font-size: 6rem;font-weight: var(--theme-heading-font-weight);text-align: var(--text-align);background-color: var(--theme-body-bg-color)\"><\/span><br><\/h2>\t\t\t\t<\/div>\n\t\t\t\t<\/div>\n\t\t\t\t<div class=\"elementor-element elementor-element-772bf21 elementor-widget elementor-widget-text-editor\" data-id=\"772bf21\" data-element_type=\"widget\" data-e-type=\"widget\" data-widget_type=\"text-editor.default\">\n\t\t\t\t<div class=\"elementor-widget-container\">\n\t\t\t\t\t\t\t\t\t<p style=\"margin-bottom: 20px; color: #767676; line-height: 1.8; font-family: 'Open Sans'; font-size: 15px; font-style: normal; font-variant-ligatures: normal; font-variant-caps: normal; font-weight: 400;\"><span style=\"font-family: 'Open Sans'; font-size: 15px; font-style: normal; font-variant-ligatures: normal; font-variant-caps: normal; font-weight: 400; text-align: var(--text-align); background-color: var(--theme-body-bg-color);\">K\u00f6nnen Sie mit der Bank\u00fcberweisung oder mit der Kreditkarte zahlen.<\/span><\/p><p style=\"margin-bottom: 20px; color: #767676; line-height: 1.8; font-family: 'Open Sans'; font-size: 15px; font-style: normal; font-variant-ligatures: normal; font-variant-caps: normal; font-weight: 400;\">Muss die Zahlung mit der Bank\u00fcberweisung zur Rechnung:<br style=\"padding: 0px; margin: 0px;\" \/>BANCO FIORENTINO<br style=\"padding: 0px; margin: 0px;\" \/>Headed by: Hermes srl \u2013 S. Maria a Monte (PI)<br style=\"padding: 0px; margin: 0px;\" \/>IBAN: IT 50 T 08325 70960 0000 0020 8314<br style=\"padding: 0px; margin: 0px;\" \/>BIC\/SWIFT: ICRAITRR910<\/p><p style=\"margin-bottom: 20px; color: #767676; line-height: 1.8; font-family: 'Open Sans'; font-size: 15px; font-style: normal; font-variant-ligatures: normal; font-variant-caps: normal; font-weight: 400;\">Wird Karte-Zahlung auf einer sicheren Seite gemacht, wo Sie zu PayPal umadressiert werden, um Ihren Kauf zu vollenden. Um die Zahlung auf der PayPal-Seite zu vollenden, k\u00f6nnen Sie w\u00e4hlen, die Kreditkarte ob einzuf\u00fcgen oder eine Paypal-Rechnung zu verwenden, wenn sie denjenigen haben.<br style=\"padding: 0px; margin: 0px;\" \/>Nach der Vollendung der Zahlung werden Sie zur Seite mariodoni.it zur\u00fcckkehren, um Einnahme der Ordnung zu best\u00e4tigen und die Liste ihrer Ordnungen<\/p>\t\t\t\t\t\t\t\t<\/div>\n\t\t\t\t<\/div>\n\t\t\t\t\t<\/div>\n\t\t\t\t<\/div>\n\t\t<div class=\"elementor-element elementor-element-39d7965 e-flex e-con-boxed e-con e-parent\" data-id=\"39d7965\" data-element_type=\"container\" data-e-type=\"container\">\n\t\t\t\t\t<div class=\"e-con-inner\">\n\t\t\t\t<div class=\"elementor-element elementor-element-c1343ac elementor-widget elementor-widget-heading\" data-id=\"c1343ac\" data-element_type=\"widget\" data-e-type=\"widget\" data-widget_type=\"heading.default\">\n\t\t\t\t<div class=\"elementor-widget-container\">\n\t\t\t\t\t<h2 class=\"elementor-heading-title elementor-size-default\"><span style=\"font-family: Lora, Georgia, sans-serif;font-size: 30px;font-style: normal;font-weight: 400;letter-spacing: normal;text-transform: uppercase;text-align: var(--text-align);background-color: var(--theme-body-bg-color)\">RECHT AUF DEN ABZUG<\/span><span style=\"color: var(--theme-heading-font-color);font-family: var(--theme-heading-font-family);font-size: 6rem;font-weight: var(--theme-heading-font-weight);text-align: var(--text-align);background-color: var(--theme-body-bg-color)\"><\/span><br><\/h2>\t\t\t\t<\/div>\n\t\t\t\t<\/div>\n\t\t\t\t<div class=\"elementor-element elementor-element-bc71e68 elementor-widget elementor-widget-text-editor\" data-id=\"bc71e68\" data-element_type=\"widget\" data-e-type=\"widget\" data-widget_type=\"text-editor.default\">\n\t\t\t\t<div class=\"elementor-widget-container\">\n\t\t\t\t\t\t\t\t\t<p style=\"margin-bottom: 20px; color: #767676; line-height: 1.8; font-family: 'Open Sans'; font-size: 15px; font-style: normal; font-variant-ligatures: normal; font-variant-caps: normal; font-weight: 400;\"><span style=\"font-style: normal; font-variant-ligatures: normal; font-variant-caps: normal; font-weight: 400; text-align: var(--text-align); background-color: var(--theme-body-bg-color); font-family: &quot;Open Sans&quot;; font-size: 15px;\">Laut der Gesetzverordnung 21\/2014 \u00fcber das Widerrufsrecht kann die Fernabsatz auf die Lieferung von kundenspezifischen G\u00fcter nicht angewandt werden. Eine Ausnahme darstellen die Fehleranf\u00e4lligkeiten bei der Herstellung, die direkt mit dem Hersteller unter&nbsp;<\/span><a href=\"mailto:mariodoni@mariodoni.it\" style=\"font-style: normal; font-variant-ligatures: normal; font-variant-caps: normal; font-weight: 400; text-align: var(--text-align); background: 0px 0px rgb(255, 255, 255); color: rgb(0, 0, 0); transition-duration: 0.25s; transition-property: color; cursor: pointer; font-family: &quot;Open Sans&quot;; font-size: 15px;\">mariodoni@mariodoni.it<\/a><span style=\"font-style: normal; font-variant-ligatures: normal; font-variant-caps: normal; font-weight: 400; text-align: var(--text-align); background-color: var(--theme-body-bg-color); font-family: &quot;Open Sans&quot;; font-size: 15px;\">&nbsp;diskutiert werden k\u00f6nnen. Die Versandkosten k\u00f6nnen auf keinen Fall erstattet werden.<\/span><\/p>\t\t\t\t\t\t\t\t<\/div>\n\t\t\t\t<\/div>\n\t\t\t\t\t<\/div>\n\t\t\t\t<\/div>\n\t\t\t\t<\/div>\n\t\t","protected":false},"excerpt":{"rendered":"<p>DER PREIS \u00a0 H\u00e4ngt Der Preis dieser Produkte von Ihrer besonderen Anpassung ab, der grundlegende Preis ist das Sandelholz \u201cdas ganze Leder\u201d wird vor Ihrer Anpassung nicht gef\u00e4rbt. H\u00f6her wird Ihnen die Schwankungen gegeben, die Sie f\u00fcr [&hellip;]<\/p>\n","protected":false},"author":1,"featured_media":0,"parent":0,"menu_order":0,"comment_status":"closed","ping_status":"closed","template":"","meta":{"footnotes":""},"class_list":["post-81748","page","type-page","status-publish","hentry"],"_links":{"self":[{"href":"https:\/\/www.mariodoni.it\/de\/wp-json\/wp\/v2\/pages\/81748","targetHints":{"allow":["GET"]}}],"collection":[{"href":"https:\/\/www.mariodoni.it\/de\/wp-json\/wp\/v2\/pages"}],"about":[{"href":"https:\/\/www.mariodoni.it\/de\/wp-json\/wp\/v2\/types\/page"}],"author":[{"embeddable":true,"href":"https:\/\/www.mariodoni.it\/de\/wp-json\/wp\/v2\/users\/1"}],"replies":[{"embeddable":true,"href":"https:\/\/www.mariodoni.it\/de\/wp-json\/wp\/v2\/comments?post=81748"}],"version-history":[{"count":0,"href":"https:\/\/www.mariodoni.it\/de\/wp-json\/wp\/v2\/pages\/81748\/revisions"}],"wp:attachment":[{"href":"https:\/\/www.mariodoni.it\/de\/wp-json\/wp\/v2\/media?parent=81748"}],"curies":[{"name":"wp","href":"https:\/\/api.w.org\/{rel}","templated":true}]}}