{"id":81371,"date":"2024-10-15T11:28:01","date_gmt":"2024-10-15T09:28:01","guid":{"rendered":"https:\/\/www.mariodoni.it\/materiali\/"},"modified":"2025-07-28T12:21:37","modified_gmt":"2025-07-28T10:21:37","slug":"materiali","status":"publish","type":"page","link":"https:\/\/www.mariodoni.it\/de\/materiali\/","title":{"rendered":"Materiali"},"content":{"rendered":"\t\t<div data-elementor-type=\"wp-page\" data-elementor-id=\"81371\" class=\"elementor elementor-81371 elementor-21326\" data-elementor-post-type=\"page\">\n\t\t\t\t<div class=\"elementor-element elementor-element-3dc883e e-flex e-con-boxed e-con e-parent\" data-id=\"3dc883e\" data-element_type=\"container\" data-e-type=\"container\">\n\t\t\t\t\t<div class=\"e-con-inner\">\n\t\t\t\t<div class=\"elementor-element elementor-element-d61c6bb elementor-widget elementor-widget-heading\" data-id=\"d61c6bb\" data-element_type=\"widget\" data-e-type=\"widget\" data-widget_type=\"heading.default\">\n\t\t\t\t<div class=\"elementor-widget-container\">\n\t\t\t\t\t<h1 class=\"elementor-heading-title elementor-size-default\">Lassen Sie uns ein wenig \u00fcber die Materialien sprechen, die f\u00fcr unsere Sandalen verwendet werden\u2026<\/h1>\t\t\t\t<\/div>\n\t\t\t\t<\/div>\n\t\t\t\t<div class=\"elementor-element elementor-element-e5c2e01 elementor-widget elementor-widget-text-editor\" data-id=\"e5c2e01\" data-element_type=\"widget\" data-e-type=\"widget\" data-widget_type=\"text-editor.default\">\n\t\t\t\t<div class=\"elementor-widget-container\">\n\t\t\t\t\t\t\t\t\t<p style=\"text-align: center;\">Ganz einfach, wir verwenden leder und pflanzlich gegerbtes Leder, sowohl f\u00fcr Damensandalen als auch f\u00fcr Herrensandalen.<br \/>F\u00fcr uns k\u00f6nnte dies ausreichen, um die Eigenschaften unserer Sandalen im Vergleich zu vielen anderen auf dem Markt zu erkl\u00e4ren. Versuchen wir jedoch, den Grund f\u00fcr unsere Wahl etwas tiefer zu erl\u00e4utern und dann detaillierter darauf einzugehen.<\/p>\t\t\t\t\t\t\t\t<\/div>\n\t\t\t\t<\/div>\n\t\t\t\t\t<\/div>\n\t\t\t\t<\/div>\n\t\t<div class=\"elementor-element elementor-element-1d17646 e-flex e-con-boxed e-con e-parent\" data-id=\"1d17646\" data-element_type=\"container\" data-e-type=\"container\" data-settings=\"{&quot;background_background&quot;:&quot;classic&quot;}\">\n\t\t\t\t\t<div class=\"e-con-inner\">\n\t\t<div class=\"elementor-element elementor-element-afadcb1 e-con-full slide_norepeat e-flex e-con e-child\" data-id=\"afadcb1\" data-element_type=\"container\" data-e-type=\"container\" data-settings=\"{&quot;background_background&quot;:&quot;classic&quot;}\">\n\t\t\t\t<div class=\"elementor-element elementor-element-76edb94 elementor-widget elementor-widget-image\" data-id=\"76edb94\" data-element_type=\"widget\" data-e-type=\"widget\" data-widget_type=\"image.default\">\n\t\t\t\t<div class=\"elementor-widget-container\">\n\t\t\t\t\t\t\t\t\t\t\t\t\t\t\t<img fetchpriority=\"high\" decoding=\"async\" width=\"645\" height=\"774\" src=\"https:\/\/www.mariodoni.it\/wp-content\/uploads\/2025\/06\/materiali-2.png\" class=\"attachment-large size-large wp-image-87458\" alt=\"\" \/>\t\t\t\t\t\t\t\t\t\t\t\t\t\t\t<\/div>\n\t\t\t\t<\/div>\n\t\t\t\t<\/div>\n\t\t<div class=\"elementor-element elementor-element-27aa892 e-con-full e-flex e-con e-child\" data-id=\"27aa892\" data-element_type=\"container\" data-e-type=\"container\">\n\t\t\t\t<\/div>\n\t\t\t\t\t<\/div>\n\t\t\t\t<\/div>\n\t\t<div class=\"elementor-element elementor-element-da3a976 e-flex e-con-boxed e-con e-parent\" data-id=\"da3a976\" data-element_type=\"container\" data-e-type=\"container\" data-settings=\"{&quot;background_background&quot;:&quot;classic&quot;}\">\n\t\t\t\t\t<div class=\"e-con-inner\">\n\t\t<div class=\"elementor-element elementor-element-29daac0 e-con-full e-flex e-con e-child\" data-id=\"29daac0\" data-element_type=\"container\" data-e-type=\"container\">\n\t\t\t\t<\/div>\n\t\t<div class=\"elementor-element elementor-element-f7e6685 e-con-full slide_norepeat e-flex e-con e-child\" data-id=\"f7e6685\" data-element_type=\"container\" data-e-type=\"container\" data-settings=\"{&quot;background_background&quot;:&quot;classic&quot;}\">\n\t\t\t\t<div class=\"elementor-element elementor-element-f3df4a4 elementor-widget elementor-widget-image\" data-id=\"f3df4a4\" data-element_type=\"widget\" data-e-type=\"widget\" data-widget_type=\"image.default\">\n\t\t\t\t<div class=\"elementor-widget-container\">\n\t\t\t\t\t\t\t\t\t\t\t\t\t\t\t<img decoding=\"async\" width=\"645\" height=\"493\" src=\"https:\/\/www.mariodoni.it\/wp-content\/uploads\/2025\/06\/tannini-1-3.png\" class=\"attachment-large size-large wp-image-87721\" alt=\"\" \/>\t\t\t\t\t\t\t\t\t\t\t\t\t\t\t<\/div>\n\t\t\t\t<\/div>\n\t\t\t\t<\/div>\n\t\t\t\t\t<\/div>\n\t\t\t\t<\/div>\n\t\t<div class=\"elementor-element elementor-element-474120d e-con-full e-flex e-con e-parent\" data-id=\"474120d\" data-element_type=\"container\" data-e-type=\"container\" data-settings=\"{&quot;background_background&quot;:&quot;classic&quot;}\">\n\t\t<div class=\"elementor-element elementor-element-a1b17d8 e-flex e-con-boxed e-con e-child\" data-id=\"a1b17d8\" data-element_type=\"container\" data-e-type=\"container\">\n\t\t\t\t\t<div class=\"e-con-inner\">\n\t\t\t\t<div class=\"elementor-element elementor-element-6a80bf3 elementor-widget elementor-widget-heading\" data-id=\"6a80bf3\" data-element_type=\"widget\" data-e-type=\"widget\" data-widget_type=\"heading.default\">\n\t\t\t\t<div class=\"elementor-widget-container\">\n\t\t\t\t\t<h2 class=\"elementor-heading-title elementor-size-default\">F\u00fcr unsere Produktion verwenden wir erstklassige Materialien, echtes italienisches Leder und echtes pflanzlich gegerbtes Leder.<\/h2>\t\t\t\t<\/div>\n\t\t\t\t<\/div>\n\t\t\t\t\t<\/div>\n\t\t\t\t<\/div>\n\t\t\t\t<\/div>\n\t\t<div class=\"elementor-element elementor-element-3129ea6 e-con-full e-flex e-con e-parent\" data-id=\"3129ea6\" data-element_type=\"container\" data-e-type=\"container\" data-settings=\"{&quot;background_background&quot;:&quot;classic&quot;}\">\n\t\t<div class=\"elementor-element elementor-element-b0838ad e-flex e-con-boxed e-con e-child\" data-id=\"b0838ad\" data-element_type=\"container\" data-e-type=\"container\">\n\t\t\t\t\t<div class=\"e-con-inner\">\n\t\t\t\t<div class=\"elementor-element elementor-element-71fb81e elementor-widget elementor-widget-heading\" data-id=\"71fb81e\" data-element_type=\"widget\" data-e-type=\"widget\" data-widget_type=\"heading.default\">\n\t\t\t\t<div class=\"elementor-widget-container\">\n\t\t\t\t\t<h2 class=\"elementor-heading-title elementor-size-default\">Perch\u00e9 la sostenibilit\u00e0 ambientale non sia solo Denn \u00f6kologische Nachhaltigkeit bezieht sich nicht nur auf die Verwendung von Leder und pflanzlich gegerbtem Leder, den derzeit auf dem Markt befindlichen Materialien mit der geringsten Umweltbelastung, sondern erstreckt sich auch auf neue Projekte.<\/h2>\t\t\t\t<\/div>\n\t\t\t\t<\/div>\n\t\t\t\t\t<\/div>\n\t\t\t\t<\/div>\n\t\t\t\t<\/div>\n\t\t\t\t<\/div>\n\t\t","protected":false},"excerpt":{"rendered":"<p>Lassen Sie uns ein wenig \u00fcber die Materialien sprechen, die f\u00fcr unsere Sandalen verwendet werden\u2026 Ganz einfach, wir verwenden leder und pflanzlich gegerbtes Leder, sowohl f\u00fcr Damensandalen als auch f\u00fcr Herrensandalen.F\u00fcr uns k\u00f6nnte dies ausreichen, um die [&hellip;]<\/p>\n","protected":false},"author":1,"featured_media":0,"parent":0,"menu_order":0,"comment_status":"closed","ping_status":"closed","template":"elementor_header_footer","meta":{"footnotes":""},"class_list":["post-81371","page","type-page","status-publish","hentry"],"_links":{"self":[{"href":"https:\/\/www.mariodoni.it\/de\/wp-json\/wp\/v2\/pages\/81371","targetHints":{"allow":["GET"]}}],"collection":[{"href":"https:\/\/www.mariodoni.it\/de\/wp-json\/wp\/v2\/pages"}],"about":[{"href":"https:\/\/www.mariodoni.it\/de\/wp-json\/wp\/v2\/types\/page"}],"author":[{"embeddable":true,"href":"https:\/\/www.mariodoni.it\/de\/wp-json\/wp\/v2\/users\/1"}],"replies":[{"embeddable":true,"href":"https:\/\/www.mariodoni.it\/de\/wp-json\/wp\/v2\/comments?post=81371"}],"version-history":[{"count":0,"href":"https:\/\/www.mariodoni.it\/de\/wp-json\/wp\/v2\/pages\/81371\/revisions"}],"wp:attachment":[{"href":"https:\/\/www.mariodoni.it\/de\/wp-json\/wp\/v2\/media?parent=81371"}],"curies":[{"name":"wp","href":"https:\/\/api.w.org\/{rel}","templated":true}]}}