{"id":10964,"date":"2020-03-05T08:25:59","date_gmt":"2020-03-05T07:25:59","guid":{"rendered":"https:\/\/www.mariodoni.it\/privacy-policy-page\/"},"modified":"2025-06-23T09:16:36","modified_gmt":"2025-06-23T07:16:36","slug":"privacy-policy-page","status":"publish","type":"page","link":"https:\/\/www.mariodoni.it\/de\/privacy-policy-page\/","title":{"rendered":"Privacy Policy"},"content":{"rendered":"\t\t<div data-elementor-type=\"wp-page\" data-elementor-id=\"10964\" class=\"elementor elementor-10964 elementor-1874\" data-elementor-post-type=\"page\">\n\t\t\t\t<div class=\"elementor-element elementor-element-5ecfbc9 e-flex e-con-boxed e-con e-parent\" data-id=\"5ecfbc9\" data-element_type=\"container\" data-e-type=\"container\">\n\t\t\t\t\t<div class=\"e-con-inner\">\n\t\t\t\t<div class=\"elementor-element elementor-element-f095f37 elementor-widget elementor-widget-text-editor\" data-id=\"f095f37\" data-element_type=\"widget\" data-e-type=\"widget\" data-widget_type=\"text-editor.default\">\n\t\t\t\t<div class=\"elementor-widget-container\">\n\t\t\t\t\t\t\t\t\t<p class=\"ql-align-justify\"><strong>Informativa sul trattamento di dati personali ai sensi del Regolamento (UE) 2016\/679 del Parlamento europeo e del Consiglio del 27 aprile 2016 (GDPR). In vigore dal 1 Gennaio 2022<\/strong><\/p><p><strong>PREMESSA<\/strong><\/p><p>La presente informativa tiene conto di quanto indicato dal GDPR e dal Codice della Privacy (D. Lgs 30 giugno 2003 n. 196). Il documento \u00e8 stato redatto anche in base alle Linee Guida del Garante Privacy (sopratutto le Linee Guida di contrasto allo spam emesse dl Garante Privacy il 4 luglio 2013).<\/p><p class=\"ql-align-justify\"><strong>Titolare del Trattamento<\/strong>: Hermes S.r.l. \u2013 Via Prov. Francesca 44\/20 \u2013 Santa Maria a Monte \u2013 Pisa \u2013 CAP 56020 \u2013 P.IVA 00948880505<\/p><p class=\"ql-align-justify\">Sito al quale si riferisce la presente privacy policy: https:\/\/www.mariodoni.it\/ (<strong>Sito<\/strong>).<\/p><p class=\"ql-align-justify\">Il Titolare del Trattamento non ha nominato un DPO. Pertanto, Lei pu\u00f2 inviare qualsiasi richiesta di informazioni direttamente al Titolare del Trattamento. Pu\u00f2 visionare i dati di contatto del DPO nella intestazione della presente informativa.<\/p><p class=\"ql-align-justify\"><strong>INFORMAZIONI GENERALI<\/strong><\/p><p class=\"ql-align-justify\">Il presente documento descrive come il Titolare del Trattamento tratta i Suoi dati personali conferiti sul Sito.<\/p><p class=\"ql-align-justify\">Di seguito vendono descritti i principali trattamenti dei tuoi dati personali. Viene in particolare spiegata la base giuridica del trattamento, se il conferimento \u00e8 obbligatorio e le conseguenze del mancato conferimento di dati personali. Per descrivere al meglio i Suoi diritti, qualora necessario, abbiamo specificato se e quando un determinato trattamento di dati personali non viene effettuato.Sul Sito Lei ha la possibilit\u00e0 di inserire dati personali di terzi soggetti. In questo caso Lei garantisce di aver ottenuto il consenso d parte di questi soggetti all\u2019inserimento di questi dati personali. Pertanto, Lei si impegna a manlevare e tenere indenne il Titolare del Trattamento da qualsiasi responsabilit\u00e0.<\/p><p class=\"ql-align-justify\"><strong>Registrazione sul Sito<\/strong><\/p><p class=\"ql-align-justify\">Le informazioni e i dati richiesti in caso di registrazione verranno utilizzati per consentirLe sia di accedere all\u2019area riservata del Sito, sia di usufruire dei servizi on line offerti dal Titolare del Trattamento agli utenti registrati. La base giuridica del trattamento \u00e8 la necessit\u00e0 del Titolare del Trattamento di eseguire misure precontrattuali adottate su richiesta dell\u2019interessato. Il conferimento dei dati \u00e8 facoltativo. Tuttavia, il Suo eventuale rifiuto di conferire i dati comporter\u00e0 l\u2019impossibilit\u00e0 di registrarsi sul Sito.<\/p><p class=\"ql-align-justify\"><strong>Acquisti sul Sito<\/strong><\/p><p class=\"ql-align-justify\">I Suoi dati personali verranno trattati per permetterLe di effettuare acquisti sul Sito. nel caso di effettuazione di un ordine di acquisto online, per consentire la conclusione del contratto di acquisto e la corretta esecuzione delle operazioni connesse al medesimo (e, qualora necessario in base alla normativa di settore, per assolvere agli obblighi fiscali). La base giuridica del trattamento \u00e8 l\u2019obbligo del Titolare del Trattamento di eseguire il contratto con l\u2019interessato oppure di adempiere ad obblighi di legge. A prescindere da quanto sopra (e quindi dal Suo consenso), il Titolare del Trattamento potr\u00e0 trattare i suoi dati finalit\u00e0 di c.d. \u201csoft-spam\u201d, disciplinato dall\u2019art. 130 del Codice della Privacy. Questo significa che limitatamente alla email da Lei fornita nel contesto di un acquisto tramite il Sito, il Titolare del Trattamento tratter\u00e0 l\u2019email per consentire l\u2019offerta diretta da parte di prodotti\/servizi analoghi, sempre che Lei non si opponga a tale trattamento nelle modalit\u00e0 previste dalla presente informativa. La base giuridica del trattamento \u00e8 il legittimo interesse del Titolare del Trattamento ad inviare questo tipo di comunicazioni. Questo legittimo interesse pu\u00f2 ritenersi equivalente all\u2019interesse dell\u2019interessato a ricevere comunicazioni di \u201csoft-spam\u201d. Il Titolare del Trattamento potr\u00e0 inviare email per ricordare all\u2019utente di completare un acquisto. La base giuridica di questo trattamento \u00e8 il legittimo interesse del Titolare del Trattamento a inviare questa tipologia di comunicazioni.<\/p><p class=\"ql-align-justify\"><strong>Rispondere alle Sue richieste<\/strong><\/p><p class=\"ql-align-justify\">I Suoi dati verranno trattati per rispondere alle Sue richieste di informazioni. Il conferimento \u00e8 facoltativo, ma il Suo rifiuto comporter\u00e0 l\u2019impossibilit\u00e0 per il Titolare del Trattamento di rispondere alle Sue domande. La base giuridica del trattamento \u00e8 il legittimo interesse del Titolare del Trattamento a dare seguito alle richieste dell\u2019utente. Questo legittimo interesse \u00e8 equivalente all\u2019interesse dell\u2019utente a ricevere risposta alle comunicazioni inviate al Titolare del Trattamento.<\/p><p class=\"ql-align-justify\"><strong>Marketing generico<\/strong><\/p><p class=\"ql-align-justify\">Previo Suo consenso, il Titolare del Trattamento potr\u00e0 trattare i dati personali da Lei conferiti al fine di inviarLe materiale pubblicitario e\/o newsletter relativo a prodotti propri o di terzi. La base giuridica di questo trattamento \u00e8 il Suo consenso. Il conferimento dei dati personali per questa finalit\u00e0 \u00e8 meramente facoltativo. Il mancato assenso al trattamento dei dati per finalit\u00e0 di marketing comporter\u00e0 l\u2019impossibilit\u00e0 per Lei di ricevere materiale pubblicitario relativo a prodotti\/servizi del Titolare del Trattamento e\/o di terzi nonch\u00e9 l\u2019impossibilit\u00e0 per il Titolare del Trattamento di svolgere indagini di mercato, anche dirette a valutare il grado di soddisfazione degli utenti, nonch\u00e9 di inviarLe newsletter.Queste comunicazioni verranno inviate tramite email.<\/p><p class=\"ql-align-justify\"><strong>Profilazione<\/strong><\/p><p class=\"ql-align-justify\">Previo Suo consenso, il Titolare del Trattamento potr\u00e0 trattare i Suoi dati personali per finalit\u00e0 di profilazione, ossia per l\u2019analisi delle Sue scelte di consumo attraverso la rivelazione della tipologia e della frequenza degli acquisti da Lei effettuati, al fine di inviarLe materiale pubblicitario e\/o newsletter relativi a prodotti propri o di terzi, di Suo specifico interesse. La base giuridica di questo trattamento \u00e8 il Suo consenso. Il conferimento dei dati per questa finalit\u00e0 \u00e8 meramente facoltativo. Il mancato assenso al trattamento dei Suoi dati personali per finalit\u00e0 di profilazione comporter\u00e0 l\u2019impossibilit\u00e0 per il Titolare del Trattamento di elaborare il Suo profilo commerciale, mediante la rilevazione delle Sue scelte e abitudini di acquisto nonch\u00e9 di inviarLe materiale pubblicitario, relativo a prodotti del Titolare del Trattamento e\/o di terzi, di Suo specifico interesse.Queste comunicazioni verranno inviate tramite email.<\/p><p class=\"ql-align-justify\"><strong>Cessione dei dati<\/strong><\/p><p class=\"ql-align-justify\">Per l\u2019invio di comunicazioni promozionali, previo Suo esplicito consenso, i Suoi dati personali potranno essere ceduti a \u201cterzi\u201d. La base giuridica del trattamento \u00e8 il Suo consenso. Il conferimento dei dati personali per questa finalit\u00e0 \u00e8 meramente facoltativo. Il mancato assenso alla cessione comporter\u00e0 l\u2019impossibilit\u00e0 di cedere i Suoi dati personali a terzi per finalit\u00e0 di pubblicit\u00e0.<\/p><p class=\"ql-align-justify\"><strong>Geolocalizzazione<\/strong><\/p><p class=\"ql-align-justify\">Il Sito non implementa strumenti di geolocalizzazione dell\u2019indirizzo IP dell\u2019utente.<\/p><p class=\"ql-align-justify\"><strong>Comunicazione dei dati personali<\/strong><\/p><p class=\"ql-align-justify\">Nell\u2019ambito della propria ordinaria attivit\u00e0, il Titolare del Trattamento pu\u00f2 comunicare i Suoi dati personali a determinate categorie di soggetti. All\u2019articolo 2<strong>\u00a0<\/strong>Lei pu\u00f2 trovare l\u2019elenco dei soggetti ai quali il Titolare del Trattamento comunica i Suoi dati personali. Per agevolare la tutela dei Suoi diritti, l\u2019articolo 2 pu\u00f2 specificare in alcuni casi quando i Suoi dati non vengono comunicati a terzi.<\/p><p class=\"ql-align-justify\">La \u201ccomunicazione\u201d a terzi del dato personale \u00e8 diversa dalla \u201ccessione\u201d (disciplinata al punto che precede). Infatti, nella comunicazione il terzo al quale \u00e8 trasmesso il dato pu\u00f2 usarlo solo per le specifiche finalit\u00e0 descritte nel rapporto con il Titolare del Trattamento. Nella cessione, invece, il terzo diventa Titolare del Trattamento autonomo del dato personale. Inoltre, per cedere i Suoi dati personali a terzi \u00e8 sempre richiesto il Suo consenso.<\/p><p class=\"ql-align-justify\">Fermo quanto precede, resta inteso che il Titolare del Trattamento potr\u00e0 comunque utilizzare i Suoi dati personali per dare corretto adempimento agli obblighi previsti dalle leggi in vigore.<\/p><p class=\"ql-align-justify\"><strong>INFORMATIVA PRIVACY SPECIFICA<\/strong><\/p><p class=\"ql-align-justify\"><strong>Art. 1 Modalit\u00e0 di trattamento<\/strong><\/p><p class=\"ql-align-justify\">1.1 Il trattamento dei Suoi dati personali sar\u00e0 principalmente effettuato con l\u2019ausilio di mezzi elettronici o comunque automatizzati, secondo le modalit\u00e0 e con gli strumenti idonei a garantirne la sicurezza e la riservatezza in conformit\u00e0 al GDPR.<\/p><p class=\"ql-align-justify\">1.2 Le informazioni acquisite e le modalit\u00e0 del trattamento saranno pertinenti e non eccedenti rispetto alla tipologia dei servizi resi. I Suoi dati saranno altres\u00ec gestiti e protetti in ambienti informatici sicuri e adeguati alle circostanza.<\/p><p class=\"ql-align-justify\">1.3 Tramite il Sito non vengono trattati \u201cdati particolari\u201d. I dati particolari sono quelli che possono rivelare l\u2019origine razziale ed etnica, le convinzioni religiose, filosofiche o di altro genere, le opinioni politiche, l\u2019adesione a partiti, sindacati, associazioni od organizzazioni a carattere religioso, filosofico, politico o sindacale, lo stato di salute e la vita sessuale.<\/p><p class=\"ql-align-justify\">1.4 Tramite il Sito non vengono trattati dati giudiziari.<\/p><p class=\"ql-align-justify\"><strong>Art. 2 Comunicazione dei dati personali<\/strong><\/p><p class=\"ql-align-justify\">Il Titolare del Trattamento pu\u00f2 comunicare i Suoi dati personali a categorie determinati di soggetti. Di seguito vengono indicati i soggetti ai quali il Titolare del Trattamento si riserva di comunicare i Suoi dati:<\/p><ul><li class=\"ql-align-justify\">Il Titolare del Trattamento pu\u00f2 comunicare i Suoi dati personali a tutti quei soggetti (ivi incluse le Pubbliche Autorit\u00e0) che hanno accesso ai dati personali in forza di provvedimenti normativi o amministrativi.<\/li><li class=\"ql-align-justify\">I Suoi dati personali possono essere comunicati anche a tutti quei soggetti pubblici e\/o privati, persone fisiche e\/o giuridiche (studi di consulenza legale, amministrativa e fiscale, Uffici Giudiziari, Camere di Commercio, Camere ed Uffici del Lavoro, ecc.), qualora la comunicazione risulti necessaria o funzionale al corretto adempimento degli obblighi derivanti dalla legge.<\/li><li class=\"ql-align-justify\">Il Titolare del Trattamento si avvale di dipendenti e\/o collaboratori a qualsiasi titolo. Per il corretto funzionamento del Sito il Titolare del Trattamento pu\u00f2 comunicare i Suoi dati personali a questi dipendenti e\/o collaboratori.<\/li><li class=\"ql-align-justify\">Nella propria ordinaria attivit\u00e0 di gestione del Sito, il Titolare del Trattamento si avvale di societ\u00e0, consulenti o professionisti incaricati dell\u2019installazione, della manutenzione, dell\u2019aggiornamento e, in generale, della gestione degli hardware e software del Titolare del Trattamento o di cui quest\u2019ultimo si serve per l\u2019erogazione dei propri servizi. Pertanto, solo con riferimento a queste finalit\u00e0, i Suoi dati potranno essere trattati anche da questi soggetti.<\/li><li class=\"ql-align-justify\">Il Titolare del Trattamento non si avvale di piattaforme CRM (societ\u00e0 che svolgono in particolare l\u2019attivit\u00e0 di inviare comunicazioni automatizzate agli utenti). Pertanto, i Suoi dati personali non vengono comunicati a queste societ\u00e0.<\/li><li class=\"ql-align-justify\">Il Titolare del Trattamento non si avvale di societ\u00e0 esterne per prestare il servizio di customer care.<\/li><\/ul><p class=\"ql-align-justify\">Il Titolare si riserva la facolt\u00e0 di modificare il sopra indicato elenco in base alla propria ordinaria operativit\u00e0. Pertanto, Lei \u00e8 invitato ad accedere con regolarit\u00e0 alla presente informativa per controllare a quali soggetti il Titolare del Trattamento comunica i Suoi dati personali.<\/p><p class=\"ql-align-justify\"><strong>Art. 3 Conservazione dei dati personali<\/strong><\/p><p class=\"ql-align-justify\">3.1 Il presente articolo descrive per quanto tempo il Titolare del Trattamento si riserva il diritto di conservare i Suoi dati personali.<\/p><ul><li>I Suoi dati personali saranno conservati per il solo tempo necessario a garantire la corretta prestazione dei servizi offerti tramite il Sito.<\/li><li>Come previsto dall\u2019articolo 2220 del codice civile, le fatture, cos\u00ec come tutte le scritture contabili in generale, vengono conservate per un periodo minimo di dieci anni dalla data di registrazione, cos\u00ec da poter essere presentate in caso di controllo.<\/li><li>Per finalit\u00e0 di marketing, i dati personali saranno conservati fino alla eventuale revoca del consenso. Per gli utenti inattivi, i dati personali verranno cancellati dopo un anno dall\u2019invio dell\u2019ultima email eventualmente visionata.<\/li><\/ul><p class=\"ql-align-justify\">3.2 Fermo quanto previsto all\u2019articolo 3.1, il Titolare del Trattamento pu\u00f2 conservare i Suoi dati personali per il tempo richiesto da normative specifiche, come di volta in volta modificate.<\/p><p class=\"ql-align-justify\"><strong>Art. 4 Trasferimento dei dati personali<\/strong><\/p><p class=\"ql-align-justify\">4.1 Il Titolare del Trattamento ha sede all\u2019interno dell\u2019Unione europea. Pertanto, il trattamento dei Suoi dati \u00e8 sicuro dal punto di vista normativo in quanto disciplinato dal GDPR. Qualora il trasferimento dei Suoi dati personali avvenga in un Paese extra-UE e per il quale la Commissione europea ha espresso un giudizio di adeguatezza, il trasferimento si ritiene in ogni caso sicuro dal punto di vista normativo. Il presente articolo 4.1 indica di volta in volta i Paesi nei quali i Suoi dati personali possono essere eventualmente trasferiti e dove la Commissione europea ha espresso un giudizio di adeguatezza. {trasferimento-dati-paesi}<\/p><p class=\"ql-align-justify\">4.2 Fermo quanto indicato all\u2019articolo 4.1, i Suoi dati possono essere trasferiti anche in Paesi extra-UE e per i quali la Commissione europea non ha espresso un giudizio di adeguatezza. Lei \u00e8 pertanto invitato a visionare con regolarit\u00e0 il presente articolo 4.2 per appurare in quali di questi Paesi i Suoi dati sono eventualmente trasferiti.<\/p><p class=\"ql-align-justify\"><strong>Art. 5. Diritti dell\u2019interessato<\/strong><\/p><p class=\"ql-align-justify\">Ai sensi dell\u2019art. 13 del Regolamento Privacy, il Titolare del Trattamento La informa che Lei ha diritto di:<\/p><ul><li class=\"ql-align-justify\">chiedere al Titolare del Trattamento l\u2019accesso ai Suoi dati personali e la rettifica o la cancellazione degli stessi o la limitazione del trattamento che La riguardano o di opporsi al loro trattamento, oltre al diritto alla portabilit\u00e0 dei dati<\/li><li class=\"ql-align-justify\">revocare il consenso in qualsiasi momento senza pregiudicare la liceit\u00e0 del trattamento basata sul consenso prestato prima della revoca<\/li><li class=\"ql-align-justify\">proporre reclamo a un\u2019autorit\u00e0 di controllo (es.: il Garante per la protezione dei dati personali).<\/li><\/ul><p class=\"ql-align-justify\">I diritti di cui sopra potranno essere esercitati con richiesta rivolta senza formalit\u00e0 ai contatti indicati in Premessa.<\/p><p class=\"ql-align-justify\"><strong>Art. 6. Modifiche e Miscellanea<\/strong><\/p><p class=\"ql-align-justify\">Il Titolare del Trattamento si riserva il diritto di apportare modifiche alla presente informativa in qualsiasi momento, dandone idonea pubblicit\u00e0 agli utenti del Sito e garantendo in ogni caso una adeguata ed analoga protezione dei dati personali. Al fine di visionare eventuali modifiche, Lei \u00e8 invitato a consultare con regolarit\u00e0 la presente informativa. In caso di modifiche sostanziali alla presente informativa privacy, il Titolare del Trattamento ne potr\u00e0 dare comunicazione anche tramite email.<\/p>\t\t\t\t\t\t\t\t<\/div>\n\t\t\t\t<\/div>\n\t\t\t\t\t<\/div>\n\t\t\t\t<\/div>\n\t\t\t\t<\/div>\n\t\t","protected":false},"excerpt":{"rendered":"<p>Informativa sul trattamento di dati personali ai sensi del Regolamento (UE) 2016\/679 del Parlamento europeo e del Consiglio del 27 aprile 2016 (GDPR). In vigore dal 1 Gennaio 2022 PREMESSA La presente informativa tiene conto di quanto [&hellip;]<\/p>\n","protected":false},"author":1,"featured_media":0,"parent":0,"menu_order":0,"comment_status":"closed","ping_status":"closed","template":"","meta":{"footnotes":""},"class_list":["post-10964","page","type-page","status-publish","hentry"],"_links":{"self":[{"href":"https:\/\/www.mariodoni.it\/de\/wp-json\/wp\/v2\/pages\/10964","targetHints":{"allow":["GET"]}}],"collection":[{"href":"https:\/\/www.mariodoni.it\/de\/wp-json\/wp\/v2\/pages"}],"about":[{"href":"https:\/\/www.mariodoni.it\/de\/wp-json\/wp\/v2\/types\/page"}],"author":[{"embeddable":true,"href":"https:\/\/www.mariodoni.it\/de\/wp-json\/wp\/v2\/users\/1"}],"replies":[{"embeddable":true,"href":"https:\/\/www.mariodoni.it\/de\/wp-json\/wp\/v2\/comments?post=10964"}],"version-history":[{"count":0,"href":"https:\/\/www.mariodoni.it\/de\/wp-json\/wp\/v2\/pages\/10964\/revisions"}],"wp:attachment":[{"href":"https:\/\/www.mariodoni.it\/de\/wp-json\/wp\/v2\/media?parent=10964"}],"curies":[{"name":"wp","href":"https:\/\/api.w.org\/{rel}","templated":true}]}}